{"id":2763,"date":"2024-06-19T20:20:06","date_gmt":"2024-06-19T20:20:06","guid":{"rendered":"https:\/\/sites.1618.se\/myrangar\/?page_id=2763"},"modified":"2025-09-10T12:05:37","modified_gmt":"2025-09-10T12:05:37","slug":"kyrkbatsrodd","status":"publish","type":"page","link":"https:\/\/sites.1618.se\/myrangar\/kyrkbatsrodd\/","title":{"rendered":"Kyrkb\u00e5tsrodd"},"content":{"rendered":"\t\t<div data-elementor-type=\"wp-page\" data-elementor-id=\"2763\" class=\"elementor elementor-2763\" data-elementor-post-type=\"page\">\n\t\t\t\t<div class=\"elementor-element elementor-element-abc292a e-flex e-con-boxed parallax_section_no qode_elementor_container_no e-con e-parent\" data-id=\"abc292a\" data-element_type=\"container\">\n\t\t\t\t\t<div class=\"e-con-inner\">\n\t\t<div class=\"elementor-element elementor-element-44299b0d e-con-full e-flex parallax_section_no qode_elementor_container_no e-con e-child\" data-id=\"44299b0d\" data-element_type=\"container\">\n\t\t<div class=\"elementor-element elementor-element-70b35808 e-flex e-con-boxed parallax_section_no qode_elementor_container_no e-con e-child\" data-id=\"70b35808\" data-element_type=\"container\">\n\t\t\t\t\t<div class=\"e-con-inner\">\n\t\t\t\t<div class=\"elementor-element elementor-element-74673feb elementor-widget elementor-widget-text-editor\" data-id=\"74673feb\" data-element_type=\"widget\" data-widget_type=\"text-editor.default\">\n\t\t\t\t<div class=\"elementor-widget-container\">\n\t\t\t\t\t\t\t<h6>F\u00f6rst\u00e4rk din teamk\u00e4nsla p\u00e5 dalavis<\/h6>\t\t\t\t\t\t<\/div>\n\t\t\t\t<\/div>\n\t\t\t\t<div class=\"elementor-element elementor-element-610314cb elementor-widget__width-initial elementor-widget elementor-widget-text-editor\" data-id=\"610314cb\" data-element_type=\"widget\" data-widget_type=\"text-editor.default\">\n\t\t\t\t<div class=\"elementor-widget-container\">\n\t\t\t\t\t\t\t<pre style=\"text-align: left;\"><span style=\"font-family: luxes;\"><span style=\"color: #333333;\">Ro Kyrkb\u00e5t\/<\/span><span style=\"color: #333333;\">Vikingab\u00e5t<br>p\u00e5 Orsasj\u00f6n<\/span><\/span><\/pre>\t\t\t\t\t\t<\/div>\n\t\t\t\t<\/div>\n\t\t\t\t<div class=\"elementor-element elementor-element-76ebdf78 elementor-widget elementor-widget-text-editor\" data-id=\"76ebdf78\" data-element_type=\"widget\" data-widget_type=\"text-editor.default\">\n\t\t\t\t<div class=\"elementor-widget-container\">\n\t\t\t\t\t\t\t<p class=\"p1\">Traditionen kring kyrkb\u00e5tsrodd \u00e4r n\u00e5got vi str\u00e4var efter att h\u00e5lla levande. Vi erbjuder en unik m\u00f6jlighet f\u00f6r dig och ditt s\u00e4llskap att ro kyrkb\u00e5t tillsammans.<\/p><p>Styrman Hans Lans tar med b\u00e5ten och guidar er. B\u00e5ten rymmer upp till 20 personer. Kanske vill ni arrangera en kappl\u00f6pning med flera b\u00e5tar? Eller varf\u00f6r inte ro brudparet till kyrkan? F\u00f6r att f\u00e5 en extra magisk upplevelse kan ni ocks\u00e5 ro under natten med stora eldar som lyser upp sj\u00f6n. Kontakta Hans Lans f\u00f6r att planera en sp\u00e4nnande resa med kyrkb\u00e5ten.<\/p><p>En sak \u00e4r s\u00e4ker: om ni inte hittar teamk\u00e4nslan i gruppen, kan ni inte ro en b\u00e5t tillsammans. Just d\u00e4rf\u00f6r \u00e4r kyrkb\u00e5tsrodd en perfekt aktivitet f\u00f6r ett f\u00f6retag eller varf\u00f6r inte ett lag? Vilken organisation kan samarbeta om man inte ror i takt?<\/p>\t\t\t\t\t\t<\/div>\n\t\t\t\t<\/div>\n\t\t\t\t<div class=\"elementor-element elementor-element-65b95c0 elementor-widget elementor-widget-n-accordion\" data-id=\"65b95c0\" data-element_type=\"widget\" data-settings=\"{&quot;default_state&quot;:&quot;all_collapsed&quot;,&quot;max_items_expended&quot;:&quot;one&quot;,&quot;n_accordion_animation_duration&quot;:{&quot;unit&quot;:&quot;ms&quot;,&quot;size&quot;:400,&quot;sizes&quot;:[]}}\" data-widget_type=\"nested-accordion.default\">\n\t\t\t\t<div class=\"elementor-widget-container\">\n\t\t\t\t\t<div class=\"e-n-accordion\" aria-label=\"Accordion. Open links with Enter or Space, close with Escape, and navigate with Arrow Keys\">\n\t\t\t\t\t\t<details id=\"e-n-accordion-item-1060\" class=\"e-n-accordion-item\" >\n\t\t\t\t<summary class=\"e-n-accordion-item-title\" data-accordion-index=\"1\" tabindex=\"0\" aria-expanded=\"false\" aria-controls=\"e-n-accordion-item-1060\" >\n\t\t\t\t\t<span class='e-n-accordion-item-title-header'><div class=\"e-n-accordion-item-title-text\"> Kyrkb\u00e5tsroddens historia <\/div><\/span>\n\t\t\t\t\t\t\t<span class='e-n-accordion-item-title-icon'>\n\t\t\t<span class='e-opened' ><svg aria-hidden=\"true\" class=\"e-font-icon-svg e-fas-minus\" viewBox=\"0 0 448 512\" xmlns=\"http:\/\/www.w3.org\/2000\/svg\"><path d=\"M416 208H32c-17.67 0-32 14.33-32 32v32c0 17.67 14.33 32 32 32h384c17.67 0 32-14.33 32-32v-32c0-17.67-14.33-32-32-32z\"><\/path><\/svg><\/span>\n\t\t\t<span class='e-closed'><svg aria-hidden=\"true\" class=\"e-font-icon-svg e-fas-plus\" viewBox=\"0 0 448 512\" xmlns=\"http:\/\/www.w3.org\/2000\/svg\"><path d=\"M416 208H272V64c0-17.67-14.33-32-32-32h-32c-17.67 0-32 14.33-32 32v144H32c-17.67 0-32 14.33-32 32v32c0 17.67 14.33 32 32 32h144v144c0 17.67 14.33 32 32 32h32c17.67 0 32-14.33 32-32V304h144c17.67 0 32-14.33 32-32v-32c0-17.67-14.33-32-32-32z\"><\/path><\/svg><\/span>\n\t\t<\/span>\n\n\t\t\t\t\t\t<\/summary>\n\t\t\t\t<div role=\"region\" aria-labelledby=\"e-n-accordion-item-1060\" class=\"elementor-element elementor-element-6fb5074 e-con-full e-flex parallax_section_no qode_elementor_container_no e-con e-child\" data-id=\"6fb5074\" data-element_type=\"container\">\n\t\t\t\t<div class=\"elementor-element elementor-element-3dd4c79 elementor-widget elementor-widget-text-editor\" data-id=\"3dd4c79\" data-element_type=\"widget\" data-widget_type=\"text-editor.default\">\n\t\t\t\t<div class=\"elementor-widget-container\">\n\t\t\t\t\t\t\t<p>Innan landh\u00f6jningarna s\u00e5 rodde dalfolket till Novgorod och de gamla vikingalederna. Sandaskatten visar mynt fr\u00e5n Konstantinopel och andra delar av v\u00e4rlden. Med klinkerb\u00e5tarna kunde man ro \u00f6ver hela den k\u00e4nda v\u00e4rlden. Efter landh\u00f6jningarna p\u00e5 b\u00f6rjan av 1000 talet s\u00e5 blev Siljan och Orsa sj\u00f6n utan f\u00f6rbindelse. D\u00e5 uppstod en ny tradition Siljan och Orsa sj\u00f6n rodde byarna till marknaderna och Kyrkan, d\u00e4rav<br \/>namnet Kyrkb\u00e5tsrodd. Varje by hade minst en b\u00e5t som man fyllde med bybor, kossor, getter och byn och s\u00e5 rodde man \u00f6ver sj\u00f6n till kyrkan d\u00e4r marknaden l\u00e5g.<\/p>\t\t\t\t\t\t<\/div>\n\t\t\t\t<\/div>\n\t\t\t\t<\/div>\n\t\t\t\t\t<\/details>\n\t\t\t\t\t<\/div>\n\t\t\t\t<\/div>\n\t\t\t\t<\/div>\n\t\t\t\t\t<\/div>\n\t\t\t\t<\/div>\n\t\t\t\t<\/div>\n\t\t<div class=\"elementor-element elementor-element-7933879f e-con-full e-flex parallax_section_no qode_elementor_container_no e-con e-child\" data-id=\"7933879f\" data-element_type=\"container\">\n\t\t\t\t<div class=\"elementor-element elementor-element-14f1a43 elementor-widget elementor-widget-image\" data-id=\"14f1a43\" data-element_type=\"widget\" data-widget_type=\"image.default\">\n\t\t\t\t<div class=\"elementor-widget-container\">\n\t\t\t\t\t\t\t\t\t\t\t\t\t<img fetchpriority=\"high\" decoding=\"async\" width=\"800\" height=\"440\" src=\"https:\/\/sites.1618.se\/myrangar\/wp-content\/uploads\/2024\/06\/Kyrkbat_unknown.jpg\" class=\"attachment-large size-large wp-image-2661\" alt=\"\" srcset=\"https:\/\/sites.1618.se\/myrangar\/wp-content\/uploads\/2024\/06\/Kyrkbat_unknown.jpg 800w, https:\/\/sites.1618.se\/myrangar\/wp-content\/uploads\/2024\/06\/Kyrkbat_unknown-300x165.jpg 300w, https:\/\/sites.1618.se\/myrangar\/wp-content\/uploads\/2024\/06\/Kyrkbat_unknown-768x422.jpg 768w, https:\/\/sites.1618.se\/myrangar\/wp-content\/uploads\/2024\/06\/Kyrkbat_unknown-700x385.jpg 700w, https:\/\/sites.1618.se\/myrangar\/wp-content\/uploads\/2024\/06\/elementor\/thumbs\/Kyrkbat_unknown-qptebvskbwdu7dw1h61omnk1msgp0t41unqwck5bbs.jpg 400w\" sizes=\"(max-width: 800px) 100vw, 800px\" \/>\t\t\t\t\t\t\t\t\t\t\t\t\t<\/div>\n\t\t\t\t<\/div>\n\t\t\t\t<div class=\"elementor-element elementor-element-e4b538f elementor-widget elementor-widget-text-editor\" data-id=\"e4b538f\" data-element_type=\"widget\" data-widget_type=\"text-editor.default\">\n\t\t\t\t<div class=\"elementor-widget-container\">\n\t\t\t\t\t\t\t<p class=\"p1\"><strong>Boka:<\/strong> Direktkontakt med Hans Lans 070\u00a0246 83 40<br \/><strong>Pris:<\/strong> Att hyra Kyrkb\u00e5ten kostar 10\u00a0000 kr ex moms<br \/><strong>N\u00e4r:<\/strong> 15 maj \u2013 15 september<\/p>\t\t\t\t\t\t<\/div>\n\t\t\t\t<\/div>\n\t\t\t\t<\/div>\n\t\t\t\t\t<\/div>\n\t\t\t\t<\/div>\n\t\t\t\t<\/div>\n\t\t","protected":false},"excerpt":{"rendered":"<p>F\u00f6rst\u00e4rk din teamk\u00e4nsla p\u00e5 dalavis Ro Kyrkb\u00e5t\/Vikingab\u00e5tp\u00e5 Orsasj\u00f6n Traditionen kring kyrkb\u00e5tsrodd \u00e4r n\u00e5got vi str\u00e4var efter att h\u00e5lla levande. Vi erbjuder en unik m\u00f6jlighet f\u00f6r dig och ditt s\u00e4llskap att ro kyrkb\u00e5t tillsammans. Styrman Hans Lans tar med b\u00e5ten och&#8230;<\/p>\n","protected":false},"author":1,"featured_media":4051,"parent":0,"menu_order":0,"comment_status":"closed","ping_status":"closed","template":"elementor_header_footer","meta":{"footnotes":""},"class_list":["post-2763","page","type-page","status-publish","has-post-thumbnail","hentry"],"yoast_head":"<!-- This site is optimized with the Yoast SEO plugin v22.7 - https:\/\/yoast.com\/wordpress\/plugins\/seo\/ -->\n<title>Kyrkb\u00e5tsrodd - Myr\u00e4ngsg\u00e5rden<\/title>\n<meta name=\"robots\" content=\"noindex, follow, max-snippet:-1, max-image-preview:large, max-video-preview:-1\" \/>\n<meta property=\"og:locale\" content=\"sv_SE\" \/>\n<meta property=\"og:type\" content=\"article\" \/>\n<meta property=\"og:title\" content=\"Kyrkb\u00e5tsrodd - Myr\u00e4ngsg\u00e5rden\" \/>\n<meta property=\"og:description\" content=\"F\u00f6rst\u00e4rk din teamk\u00e4nsla p\u00e5 dalavis Ro Kyrkb\u00e5t\/Vikingab\u00e5tp\u00e5 Orsasj\u00f6n Traditionen kring kyrkb\u00e5tsrodd \u00e4r n\u00e5got vi str\u00e4var efter att h\u00e5lla levande. Vi erbjuder en unik m\u00f6jlighet f\u00f6r dig och ditt s\u00e4llskap att ro kyrkb\u00e5t tillsammans. Styrman Hans Lans tar med b\u00e5ten och...\" \/>\n<meta property=\"og:url\" content=\"https:\/\/sites.1618.se\/myrangar\/kyrkbatsrodd\/\" \/>\n<meta property=\"og:site_name\" content=\"Myr\u00e4ngsg\u00e5rden\" \/>\n<meta property=\"article:modified_time\" content=\"2025-09-10T12:05:37+00:00\" \/>\n<meta property=\"og:image\" content=\"https:\/\/sites.1618.se\/myrangar\/wp-content\/uploads\/2024\/12\/New-Project-83.jpg\" \/>\n\t<meta property=\"og:image:width\" content=\"303\" \/>\n\t<meta property=\"og:image:height\" content=\"237\" \/>\n\t<meta property=\"og:image:type\" content=\"image\/jpeg\" \/>\n<meta name=\"twitter:card\" content=\"summary_large_image\" \/>\n<meta name=\"twitter:label1\" content=\"Ber\u00e4knad l\u00e4stid\" \/>\n\t<meta name=\"twitter:data1\" content=\"2 minuter\" \/>\n<script type=\"application\/ld+json\" class=\"yoast-schema-graph\">{\"@context\":\"https:\/\/schema.org\",\"@graph\":[{\"@type\":\"WebPage\",\"@id\":\"https:\/\/sites.1618.se\/myrangar\/kyrkbatsrodd\/\",\"url\":\"https:\/\/sites.1618.se\/myrangar\/kyrkbatsrodd\/\",\"name\":\"Kyrkb\u00e5tsrodd - Myr\u00e4ngsg\u00e5rden\",\"isPartOf\":{\"@id\":\"https:\/\/sites.1618.se\/myrangar\/#website\"},\"primaryImageOfPage\":{\"@id\":\"https:\/\/sites.1618.se\/myrangar\/kyrkbatsrodd\/#primaryimage\"},\"image\":{\"@id\":\"https:\/\/sites.1618.se\/myrangar\/kyrkbatsrodd\/#primaryimage\"},\"thumbnailUrl\":\"https:\/\/sites.1618.se\/myrangar\/wp-content\/uploads\/2024\/12\/New-Project-83.jpg\",\"datePublished\":\"2024-06-19T20:20:06+00:00\",\"dateModified\":\"2025-09-10T12:05:37+00:00\",\"breadcrumb\":{\"@id\":\"https:\/\/sites.1618.se\/myrangar\/kyrkbatsrodd\/#breadcrumb\"},\"inLanguage\":\"sv-SE\",\"potentialAction\":[{\"@type\":\"ReadAction\",\"target\":[\"https:\/\/sites.1618.se\/myrangar\/kyrkbatsrodd\/\"]}]},{\"@type\":\"ImageObject\",\"inLanguage\":\"sv-SE\",\"@id\":\"https:\/\/sites.1618.se\/myrangar\/kyrkbatsrodd\/#primaryimage\",\"url\":\"https:\/\/sites.1618.se\/myrangar\/wp-content\/uploads\/2024\/12\/New-Project-83.jpg\",\"contentUrl\":\"https:\/\/sites.1618.se\/myrangar\/wp-content\/uploads\/2024\/12\/New-Project-83.jpg\",\"width\":303,\"height\":237},{\"@type\":\"BreadcrumbList\",\"@id\":\"https:\/\/sites.1618.se\/myrangar\/kyrkbatsrodd\/#breadcrumb\",\"itemListElement\":[{\"@type\":\"ListItem\",\"position\":1,\"name\":\"Hem\",\"item\":\"https:\/\/sites.1618.se\/myrangar\/\"},{\"@type\":\"ListItem\",\"position\":2,\"name\":\"Kyrkb\u00e5tsrodd\"}]},{\"@type\":\"WebSite\",\"@id\":\"https:\/\/sites.1618.se\/myrangar\/#website\",\"url\":\"https:\/\/sites.1618.se\/myrangar\/\",\"name\":\"Myr\u00e4ngsg\u00e5rden\",\"description\":\"Hela Sveriges Sl\u00e4ktg\u00e5rd\",\"potentialAction\":[{\"@type\":\"SearchAction\",\"target\":{\"@type\":\"EntryPoint\",\"urlTemplate\":\"https:\/\/sites.1618.se\/myrangar\/?s={search_term_string}\"},\"query-input\":\"required name=search_term_string\"}],\"inLanguage\":\"sv-SE\"}]}<\/script>\n<!-- \/ Yoast SEO plugin. -->","yoast_head_json":{"title":"Kyrkb\u00e5tsrodd - Myr\u00e4ngsg\u00e5rden","robots":{"index":"noindex","follow":"follow","max-snippet":"max-snippet:-1","max-image-preview":"max-image-preview:large","max-video-preview":"max-video-preview:-1"},"og_locale":"sv_SE","og_type":"article","og_title":"Kyrkb\u00e5tsrodd - Myr\u00e4ngsg\u00e5rden","og_description":"F\u00f6rst\u00e4rk din teamk\u00e4nsla p\u00e5 dalavis Ro Kyrkb\u00e5t\/Vikingab\u00e5tp\u00e5 Orsasj\u00f6n Traditionen kring kyrkb\u00e5tsrodd \u00e4r n\u00e5got vi str\u00e4var efter att h\u00e5lla levande. Vi erbjuder en unik m\u00f6jlighet f\u00f6r dig och ditt s\u00e4llskap att ro kyrkb\u00e5t tillsammans. Styrman Hans Lans tar med b\u00e5ten och...","og_url":"https:\/\/sites.1618.se\/myrangar\/kyrkbatsrodd\/","og_site_name":"Myr\u00e4ngsg\u00e5rden","article_modified_time":"2025-09-10T12:05:37+00:00","og_image":[{"width":303,"height":237,"url":"https:\/\/sites.1618.se\/myrangar\/wp-content\/uploads\/2024\/12\/New-Project-83.jpg","type":"image\/jpeg"}],"twitter_card":"summary_large_image","twitter_misc":{"Ber\u00e4knad l\u00e4stid":"2 minuter"},"schema":{"@context":"https:\/\/schema.org","@graph":[{"@type":"WebPage","@id":"https:\/\/sites.1618.se\/myrangar\/kyrkbatsrodd\/","url":"https:\/\/sites.1618.se\/myrangar\/kyrkbatsrodd\/","name":"Kyrkb\u00e5tsrodd - Myr\u00e4ngsg\u00e5rden","isPartOf":{"@id":"https:\/\/sites.1618.se\/myrangar\/#website"},"primaryImageOfPage":{"@id":"https:\/\/sites.1618.se\/myrangar\/kyrkbatsrodd\/#primaryimage"},"image":{"@id":"https:\/\/sites.1618.se\/myrangar\/kyrkbatsrodd\/#primaryimage"},"thumbnailUrl":"https:\/\/sites.1618.se\/myrangar\/wp-content\/uploads\/2024\/12\/New-Project-83.jpg","datePublished":"2024-06-19T20:20:06+00:00","dateModified":"2025-09-10T12:05:37+00:00","breadcrumb":{"@id":"https:\/\/sites.1618.se\/myrangar\/kyrkbatsrodd\/#breadcrumb"},"inLanguage":"sv-SE","potentialAction":[{"@type":"ReadAction","target":["https:\/\/sites.1618.se\/myrangar\/kyrkbatsrodd\/"]}]},{"@type":"ImageObject","inLanguage":"sv-SE","@id":"https:\/\/sites.1618.se\/myrangar\/kyrkbatsrodd\/#primaryimage","url":"https:\/\/sites.1618.se\/myrangar\/wp-content\/uploads\/2024\/12\/New-Project-83.jpg","contentUrl":"https:\/\/sites.1618.se\/myrangar\/wp-content\/uploads\/2024\/12\/New-Project-83.jpg","width":303,"height":237},{"@type":"BreadcrumbList","@id":"https:\/\/sites.1618.se\/myrangar\/kyrkbatsrodd\/#breadcrumb","itemListElement":[{"@type":"ListItem","position":1,"name":"Hem","item":"https:\/\/sites.1618.se\/myrangar\/"},{"@type":"ListItem","position":2,"name":"Kyrkb\u00e5tsrodd"}]},{"@type":"WebSite","@id":"https:\/\/sites.1618.se\/myrangar\/#website","url":"https:\/\/sites.1618.se\/myrangar\/","name":"Myr\u00e4ngsg\u00e5rden","description":"Hela Sveriges Sl\u00e4ktg\u00e5rd","potentialAction":[{"@type":"SearchAction","target":{"@type":"EntryPoint","urlTemplate":"https:\/\/sites.1618.se\/myrangar\/?s={search_term_string}"},"query-input":"required name=search_term_string"}],"inLanguage":"sv-SE"}]}},"_links":{"self":[{"href":"https:\/\/sites.1618.se\/myrangar\/wp-json\/wp\/v2\/pages\/2763","targetHints":{"allow":["GET"]}}],"collection":[{"href":"https:\/\/sites.1618.se\/myrangar\/wp-json\/wp\/v2\/pages"}],"about":[{"href":"https:\/\/sites.1618.se\/myrangar\/wp-json\/wp\/v2\/types\/page"}],"author":[{"embeddable":true,"href":"https:\/\/sites.1618.se\/myrangar\/wp-json\/wp\/v2\/users\/1"}],"replies":[{"embeddable":true,"href":"https:\/\/sites.1618.se\/myrangar\/wp-json\/wp\/v2\/comments?post=2763"}],"version-history":[{"count":25,"href":"https:\/\/sites.1618.se\/myrangar\/wp-json\/wp\/v2\/pages\/2763\/revisions"}],"predecessor-version":[{"id":4646,"href":"https:\/\/sites.1618.se\/myrangar\/wp-json\/wp\/v2\/pages\/2763\/revisions\/4646"}],"wp:featuredmedia":[{"embeddable":true,"href":"https:\/\/sites.1618.se\/myrangar\/wp-json\/wp\/v2\/media\/4051"}],"wp:attachment":[{"href":"https:\/\/sites.1618.se\/myrangar\/wp-json\/wp\/v2\/media?parent=2763"}],"curies":[{"name":"wp","href":"https:\/\/api.w.org\/{rel}","templated":true}]}}