{"id":3428,"date":"2024-06-19T21:44:15","date_gmt":"2024-06-19T21:44:15","guid":{"rendered":"https:\/\/sites.1618.se\/myrangar\/?page_id=3428"},"modified":"2025-09-12T12:22:05","modified_gmt":"2025-09-12T12:22:05","slug":"aktiviteter-och-upplevelser","status":"publish","type":"page","link":"https:\/\/sites.1618.se\/myrangar\/aktiviteter-och-upplevelser\/","title":{"rendered":"Myr\u00e4ngsg\u00e5rdens Aktiviteter &#038; Upplevelser"},"content":{"rendered":"\t\t<div data-elementor-type=\"wp-page\" data-elementor-id=\"3428\" class=\"elementor elementor-3428\" data-elementor-post-type=\"page\">\n\t\t\t\t<div class=\"elementor-element elementor-element-1442b3f e-con-full e-flex parallax_section_no qode_elementor_container_no e-con e-parent\" data-id=\"1442b3f\" data-element_type=\"container\" data-settings=\"{&quot;background_background&quot;:&quot;classic&quot;}\">\n\t\t\t\t<div class=\"elementor-element elementor-element-3ac988f elementor-widget elementor-widget-text-editor\" data-id=\"3ac988f\" data-element_type=\"widget\" data-widget_type=\"text-editor.default\">\n\t\t\t\t<div class=\"elementor-widget-container\">\n\t\t\t\t\t\t\t<h2 style=\"text-align: center;\">Aktiviteter &amp; upplevelser p\u00e5 Myr\u00e4ngsg\u00e5rden<\/h2>\t\t\t\t\t\t<\/div>\n\t\t\t\t<\/div>\n\t\t\t\t<\/div>\n\t\t<div class=\"elementor-element elementor-element-725829df e-con-full e-flex parallax_section_no qode_elementor_container_no e-con e-parent\" data-id=\"725829df\" data-element_type=\"container\" data-settings=\"{&quot;background_background&quot;:&quot;classic&quot;}\">\n\t\t<div class=\"elementor-element elementor-element-352dace0 e-flex e-con-boxed parallax_section_no qode_elementor_container_no e-con e-child\" data-id=\"352dace0\" data-element_type=\"container\">\n\t\t\t\t\t<div class=\"e-con-inner\">\n\t\t<div class=\"elementor-element elementor-element-60ff66a2 e-con-full e-flex parallax_section_no qode_elementor_container_no e-con e-child\" data-id=\"60ff66a2\" data-element_type=\"container\" data-settings=\"{&quot;background_background&quot;:&quot;classic&quot;}\">\n\t\t\t\t<div class=\"elementor-element elementor-element-2691807f elementor-widget elementor-widget-image\" data-id=\"2691807f\" data-element_type=\"widget\" data-widget_type=\"image.default\">\n\t\t\t\t<div class=\"elementor-widget-container\">\n\t\t\t\t\t\t\t\t\t\t\t\t\t<img decoding=\"async\" src=\"https:\/\/sites.1618.se\/myrangar\/wp-content\/uploads\/elementor\/thumbs\/MG_2192-qpvrjsb0me4e3hzsofi3e8rok489s6ntjgmlbl94a8.jpg\" title=\"_MG_2192\" alt=\"_MG_2192\" loading=\"lazy\" \/>\t\t\t\t\t\t\t\t\t\t\t\t\t<\/div>\n\t\t\t\t<\/div>\n\t\t\t\t<div class=\"elementor-element elementor-element-6c481284 elementor-widget elementor-widget-text-editor\" data-id=\"6c481284\" data-element_type=\"widget\" data-widget_type=\"text-editor.default\">\n\t\t\t\t<div class=\"elementor-widget-container\">\n\t\t\t\t\t\t\t<h5>Upplev Dalaskogen<br \/>p\u00e5 gammelvis<\/h5>\t\t\t\t\t\t<\/div>\n\t\t\t\t<\/div>\n\t\t\t\t<div class=\"elementor-element elementor-element-d4e138b elementor-widget elementor-widget-text-editor\" data-id=\"d4e138b\" data-element_type=\"widget\" data-widget_type=\"text-editor.default\">\n\t\t\t\t<div class=\"elementor-widget-container\">\n\t\t\t\t\t\t\t<p>Finns det n\u00e5got mer magiskt \u00e4n att \u00e5ka h\u00e4st och sl\u00e4de genom den djupa skogen, omgiven av facklor och bj\u00e4llror? Kanske \u00e4r v\u00e4gen upplyst av marschaller som lyser upp natten. Myr\u00e4ngsg\u00e5rdens v\u00e4nner, Emelie Snickars och Kuskullan, kommer till&#8230;<\/p>\t\t\t\t\t\t<\/div>\n\t\t\t\t<\/div>\n\t\t\t\t<div class=\"elementor-element elementor-element-e35c69e elementor-mobile-align-center elementor-widget elementor-widget-button\" data-id=\"e35c69e\" data-element_type=\"widget\" data-widget_type=\"button.default\">\n\t\t\t\t<div class=\"elementor-widget-container\">\n\t\t\t\t\t\t\t\t<a class=\"elementor-button elementor-button-link elementor-size-sm\" href=\"https:\/\/sites.1618.se\/myrangar\/sladtur-i-dalaskogen\/\">\n\t\t\t\t\t\t<span class=\"elementor-button-content-wrapper\">\n\t\t\t\t\t\t\t\t\t<span class=\"elementor-button-text\">L\u00e4s mer h\u00e4r<\/span>\n\t\t\t\t\t<\/span>\n\t\t\t\t\t<\/a>\n\t\t\t\t\t\t<\/div>\n\t\t\t\t<\/div>\n\t\t\t\t<\/div>\n\t\t<div class=\"elementor-element elementor-element-496531b4 e-con-full e-flex parallax_section_no qode_elementor_container_no e-con e-child\" data-id=\"496531b4\" data-element_type=\"container\" data-settings=\"{&quot;background_background&quot;:&quot;classic&quot;}\">\n\t\t\t\t<div class=\"elementor-element elementor-element-50bda050 elementor-widget elementor-widget-image\" data-id=\"50bda050\" data-element_type=\"widget\" data-widget_type=\"image.default\">\n\t\t\t\t<div class=\"elementor-widget-container\">\n\t\t\t\t\t\t\t\t\t\t\t\t\t<img decoding=\"async\" src=\"https:\/\/sites.1618.se\/myrangar\/wp-content\/uploads\/elementor\/thumbs\/Skarmavbild-2024-01-08-kl.-09.38.15-qi010hd8a4n2k8lyi0c97xs82pl77emuy3c7do9er4.png\" title=\"Ska\u0308rmavbild 2024-01-08 kl. 09.38.15\" alt=\"Ska\u0308rmavbild 2024-01-08 kl. 09.38.15\" loading=\"lazy\" \/>\t\t\t\t\t\t\t\t\t\t\t\t\t<\/div>\n\t\t\t\t<\/div>\n\t\t\t\t<div class=\"elementor-element elementor-element-bbf7c3a elementor-widget elementor-widget-text-editor\" data-id=\"bbf7c3a\" data-element_type=\"widget\" data-widget_type=\"text-editor.default\">\n\t\t\t\t<div class=\"elementor-widget-container\">\n\t\t\t\t\t\t\t<h5>Spa &amp; Relax<\/h5>\t\t\t\t\t\t<\/div>\n\t\t\t\t<\/div>\n\t\t\t\t<div class=\"elementor-element elementor-element-15495cb6 elementor-widget elementor-widget-text-editor\" data-id=\"15495cb6\" data-element_type=\"widget\" data-widget_type=\"text-editor.default\">\n\t\t\t\t<div class=\"elementor-widget-container\">\n\t\t\t\t\t\t\t<p>B\u00f6rja er vistelse med att koppla av i v\u00e5r fridfulla bastu, f\u00f6ljt av ett dopp i v\u00e5r stora h\u00e4rliga badtunna. Njut i v\u00e5r mysiga relaxavdelning och l\u00e5t vardagens stress rinna av er. Eller varf\u00f6r inte varva ner och komma in till lyx och v\u00e4rme efter&#8230;<\/p>\t\t\t\t\t\t<\/div>\n\t\t\t\t<\/div>\n\t\t\t\t<div class=\"elementor-element elementor-element-49e38b0 elementor-mobile-align-center elementor-widget elementor-widget-button\" data-id=\"49e38b0\" data-element_type=\"widget\" data-widget_type=\"button.default\">\n\t\t\t\t<div class=\"elementor-widget-container\">\n\t\t\t\t\t\t\t\t<a class=\"elementor-button elementor-button-link elementor-size-sm\" href=\"https:\/\/sites.1618.se\/myrangar\/spa-relax\">\n\t\t\t\t\t\t<span class=\"elementor-button-content-wrapper\">\n\t\t\t\t\t\t\t\t\t<span class=\"elementor-button-text\">L\u00e4s mer h\u00e4r<\/span>\n\t\t\t\t\t<\/span>\n\t\t\t\t\t<\/a>\n\t\t\t\t\t\t<\/div>\n\t\t\t\t<\/div>\n\t\t\t\t<\/div>\n\t\t<div class=\"elementor-element elementor-element-2d8a55a8 e-con-full e-flex parallax_section_no qode_elementor_container_no e-con e-child\" data-id=\"2d8a55a8\" data-element_type=\"container\" data-settings=\"{&quot;background_background&quot;:&quot;classic&quot;}\">\n\t\t\t\t<div class=\"elementor-element elementor-element-72015645 elementor-widget elementor-widget-image\" data-id=\"72015645\" data-element_type=\"widget\" data-widget_type=\"image.default\">\n\t\t\t\t<div class=\"elementor-widget-container\">\n\t\t\t\t\t\t\t\t\t\t\t\t\t<img decoding=\"async\" src=\"https:\/\/sites.1618.se\/myrangar\/wp-content\/uploads\/elementor\/thumbs\/Row-qpwps3nqm32h7dzjtlt0trtxasay6rv9auu8k434s0.jpg\" title=\"Row\" alt=\"Row\" loading=\"lazy\" \/>\t\t\t\t\t\t\t\t\t\t\t\t\t<\/div>\n\t\t\t\t<\/div>\n\t\t\t\t<div class=\"elementor-element elementor-element-3e20ecc4 elementor-widget elementor-widget-text-editor\" data-id=\"3e20ecc4\" data-element_type=\"widget\" data-widget_type=\"text-editor.default\">\n\t\t\t\t<div class=\"elementor-widget-container\">\n\t\t\t\t\t\t\t<h5>Ro kyrkb\u00e5tar<\/h5>\t\t\t\t\t\t<\/div>\n\t\t\t\t<\/div>\n\t\t\t\t<div class=\"elementor-element elementor-element-14482a0e elementor-widget elementor-widget-text-editor\" data-id=\"14482a0e\" data-element_type=\"widget\" data-widget_type=\"text-editor.default\">\n\t\t\t\t<div class=\"elementor-widget-container\">\n\t\t\t\t\t\t\t<p class=\"p1\">De stora b\u00e5tarna finns levande i Orsasj\u00f6n och Siljan. Innan landh\u00f6jningarna s\u00e5 rodde dalfolket till Novgorod och de gamla vikingalederna. Sandaskatten visar mynt fr\u00e5n Konstantinopel och andra delar av v\u00e4rlden. Med klinkerb\u00e5tarna kunde man ro \u00f6ver hela den k\u00e4nda v\u00e4rlden.\u00a0 Efter&#8230;<\/p>\t\t\t\t\t\t<\/div>\n\t\t\t\t<\/div>\n\t\t\t\t<div class=\"elementor-element elementor-element-a280032 elementor-mobile-align-center elementor-widget elementor-widget-button\" data-id=\"a280032\" data-element_type=\"widget\" data-widget_type=\"button.default\">\n\t\t\t\t<div class=\"elementor-widget-container\">\n\t\t\t\t\t\t\t\t<a class=\"elementor-button elementor-button-link elementor-size-sm\" href=\"https:\/\/sites.1618.se\/myrangar\/kyrkbatsrodd\/\">\n\t\t\t\t\t\t<span class=\"elementor-button-content-wrapper\">\n\t\t\t\t\t\t\t\t\t<span class=\"elementor-button-text\">L\u00e4s mer h\u00e4r<\/span>\n\t\t\t\t\t<\/span>\n\t\t\t\t\t<\/a>\n\t\t\t\t\t\t<\/div>\n\t\t\t\t<\/div>\n\t\t\t\t<\/div>\n\t\t\t\t\t<\/div>\n\t\t\t\t<\/div>\n\t\t\t\t<\/div>\n\t\t<div class=\"elementor-element elementor-element-ad4bf58 e-con-full e-flex parallax_section_no qode_elementor_container_no e-con e-parent\" data-id=\"ad4bf58\" data-element_type=\"container\" data-settings=\"{&quot;background_background&quot;:&quot;classic&quot;}\">\n\t\t<div class=\"elementor-element elementor-element-887bf3f e-flex e-con-boxed parallax_section_no qode_elementor_container_no e-con e-child\" data-id=\"887bf3f\" data-element_type=\"container\">\n\t\t\t\t\t<div class=\"e-con-inner\">\n\t\t<div class=\"elementor-element elementor-element-0fa6525 e-con-full e-flex parallax_section_no qode_elementor_container_no e-con e-child\" data-id=\"0fa6525\" data-element_type=\"container\" data-settings=\"{&quot;background_background&quot;:&quot;classic&quot;}\">\n\t\t\t\t<div class=\"elementor-element elementor-element-66cfae58 elementor-widget elementor-widget-image\" data-id=\"66cfae58\" data-element_type=\"widget\" data-widget_type=\"image.default\">\n\t\t\t\t<div class=\"elementor-widget-container\">\n\t\t\t\t\t\t\t\t\t\t\t\t\t<img decoding=\"async\" src=\"https:\/\/sites.1618.se\/myrangar\/wp-content\/uploads\/elementor\/thumbs\/Skarmavbild-2024-06-18-kl.-02.10.33-qpteisvsmzv5y08soaxalo77a7fhg4rmozx9qnsyy8.png\" title=\"Ska\u0308rmavbild 2024-06-18 kl. 02.10.33\" alt=\"Ska\u0308rmavbild 2024-06-18 kl. 02.10.33\" loading=\"lazy\" \/>\t\t\t\t\t\t\t\t\t\t\t\t\t<\/div>\n\t\t\t\t<\/div>\n\t\t\t\t<div class=\"elementor-element elementor-element-5b42ccce elementor-widget elementor-widget-text-editor\" data-id=\"5b42ccce\" data-element_type=\"widget\" data-widget_type=\"text-editor.default\">\n\t\t\t\t<div class=\"elementor-widget-container\">\n\t\t\t\t\t\t\t<h5>T\u00e4lj Dalah\u00e4st med <br \/>ditt team<\/h5>\t\t\t\t\t\t<\/div>\n\t\t\t\t<\/div>\n\t\t\t\t<div class=\"elementor-element elementor-element-dd645d6 elementor-widget elementor-widget-text-editor\" data-id=\"dd645d6\" data-element_type=\"widget\" data-widget_type=\"text-editor.default\">\n\t\t\t\t<div class=\"elementor-widget-container\">\n\t\t\t\t\t\t\t<p>Hos oss kan du boka Dalah\u00e4st-t\u00e4ljning med v\u00e5ra erfarna t\u00e4ljare. Du f\u00e5r ett tr\u00e4-\u00e4mne och en t\u00e4ljkniv och f\u00e5r sitta med en av v\u00e5ra duktiga tr\u00e4h\u00e4stt\u00e4ljare som visar och ber\u00e4ttar hur man t\u00e4ljer en h\u00e4st. Att t\u00e4lja en h\u00e4st \u00e4r&#8230;<\/p>\t\t\t\t\t\t<\/div>\n\t\t\t\t<\/div>\n\t\t\t\t<div class=\"elementor-element elementor-element-a3202a7 elementor-mobile-align-center elementor-widget elementor-widget-button\" data-id=\"a3202a7\" data-element_type=\"widget\" data-widget_type=\"button.default\">\n\t\t\t\t<div class=\"elementor-widget-container\">\n\t\t\t\t\t\t\t\t<a class=\"elementor-button elementor-button-link elementor-size-sm\" href=\"https:\/\/sites.1618.se\/myrangar\/taljadalahast\/\">\n\t\t\t\t\t\t<span class=\"elementor-button-content-wrapper\">\n\t\t\t\t\t\t\t\t\t<span class=\"elementor-button-text\">L\u00e4s mer h\u00e4r<\/span>\n\t\t\t\t\t<\/span>\n\t\t\t\t\t<\/a>\n\t\t\t\t\t\t<\/div>\n\t\t\t\t<\/div>\n\t\t\t\t<\/div>\n\t\t<div class=\"elementor-element elementor-element-4846137 e-con-full e-flex parallax_section_no qode_elementor_container_no e-con e-child\" data-id=\"4846137\" data-element_type=\"container\" data-settings=\"{&quot;background_background&quot;:&quot;classic&quot;}\">\n\t\t\t\t<div class=\"elementor-element elementor-element-d7db496 elementor-widget elementor-widget-image\" data-id=\"d7db496\" data-element_type=\"widget\" data-widget_type=\"image.default\">\n\t\t\t\t<div class=\"elementor-widget-container\">\n\t\t\t\t\t\t\t\t\t\t\t\t\t<img decoding=\"async\" src=\"https:\/\/sites.1618.se\/myrangar\/wp-content\/uploads\/elementor\/thumbs\/Geten-qpwqu8xxz1aedoks2leyinad6qa7kkb3jnympdiy9c.jpg\" title=\"Geten\" alt=\"Geten\" loading=\"lazy\" \/>\t\t\t\t\t\t\t\t\t\t\t\t\t<\/div>\n\t\t\t\t<\/div>\n\t\t\t\t<div class=\"elementor-element elementor-element-70f34e3 elementor-widget elementor-widget-text-editor\" data-id=\"70f34e3\" data-element_type=\"widget\" data-widget_type=\"text-editor.default\">\n\t\t\t\t<div class=\"elementor-widget-container\">\n\t\t\t\t\t\t\t<h5>Tr\u00e4ffa geten Irene<\/h5>\t\t\t\t\t\t<\/div>\n\t\t\t\t<\/div>\n\t\t\t\t<div class=\"elementor-element elementor-element-5687bdf elementor-widget elementor-widget-text-editor\" data-id=\"5687bdf\" data-element_type=\"widget\" data-widget_type=\"text-editor.default\">\n\t\t\t\t<div class=\"elementor-widget-container\">\n\t\t\t\t\t\t\t<p class=\"p1\">Geten var fattigbondes ko och h\u00e4st. Allt i ett. Geten fick dra sl\u00e4de och allt. MorLina har en getg\u00e5rd. Hon g\u00f6r fantastiska ostar. P\u00e5 getg\u00e5rden bor geten Irene. Irene \u00e4r med i ett k\u00e4nt TV-program om julen. Hon kan dra k\u00e4rror och k\u00e4lkor, kanske vill du&#8230;<\/p>\t\t\t\t\t\t<\/div>\n\t\t\t\t<\/div>\n\t\t\t\t<div class=\"elementor-element elementor-element-c6beb7e elementor-mobile-align-center elementor-widget elementor-widget-button\" data-id=\"c6beb7e\" data-element_type=\"widget\" data-widget_type=\"button.default\">\n\t\t\t\t<div class=\"elementor-widget-container\">\n\t\t\t\t\t\t\t\t<a class=\"elementor-button elementor-button-link elementor-size-sm\" href=\"https:\/\/sites.1618.se\/myrangar\/geten-irene\/\">\n\t\t\t\t\t\t<span class=\"elementor-button-content-wrapper\">\n\t\t\t\t\t\t\t\t\t<span class=\"elementor-button-text\">L\u00e4s mer h\u00e4r<\/span>\n\t\t\t\t\t<\/span>\n\t\t\t\t\t<\/a>\n\t\t\t\t\t\t<\/div>\n\t\t\t\t<\/div>\n\t\t\t\t<\/div>\n\t\t<div class=\"elementor-element elementor-element-2af1320 e-con-full e-flex parallax_section_no qode_elementor_container_no e-con e-child\" data-id=\"2af1320\" data-element_type=\"container\" data-settings=\"{&quot;background_background&quot;:&quot;classic&quot;}\">\n\t\t\t\t<div class=\"elementor-element elementor-element-7ed83c1 elementor-widget elementor-widget-image\" data-id=\"7ed83c1\" data-element_type=\"widget\" data-widget_type=\"image.default\">\n\t\t\t\t<div class=\"elementor-widget-container\">\n\t\t\t\t\t\t\t\t\t\t\t\t\t<img decoding=\"async\" src=\"https:\/\/sites.1618.se\/myrangar\/wp-content\/uploads\/elementor\/thumbs\/Skarmavbild-2025-09-10-kl.-18.35.09-rbk5j9dfdxuo932hji21e5a7wrti9iy3uvt9k0w7ow.png\" title=\"Ska\u0308rmavbild 2025-09-10 kl. 18.35.09\" alt=\"Ska\u0308rmavbild 2025-09-10 kl. 18.35.09\" loading=\"lazy\" \/>\t\t\t\t\t\t\t\t\t\t\t\t\t<\/div>\n\t\t\t\t<\/div>\n\t\t\t\t<div class=\"elementor-element elementor-element-dd3ee91 elementor-widget elementor-widget-text-editor\" data-id=\"dd3ee91\" data-element_type=\"widget\" data-widget_type=\"text-editor.default\">\n\t\t\t\t<div class=\"elementor-widget-container\">\n\t\t\t\t\t\t\t<h5>Holistisk h\u00e4lsa<\/h5>\t\t\t\t\t\t<\/div>\n\t\t\t\t<\/div>\n\t\t\t\t<div class=\"elementor-element elementor-element-a9e34e1 elementor-widget elementor-widget-text-editor\" data-id=\"a9e34e1\" data-element_type=\"widget\" data-widget_type=\"text-editor.default\">\n\t\t\t\t<div class=\"elementor-widget-container\">\n\t\t\t\t\t\t\t<p class=\"p1\">Uppt\u00e4ck kraften i n\u00e4rvaro, andning och naturens rytm genom guidade upplevelser f\u00f6r kropp och sj\u00e4l. P\u00e5 vackra Myr\u00e4ngsg\u00e5rden leder Oskar Alyhr dig genom allt fr\u00e5n basturitualer och isbad till breathwork, meditation och djupavslappning.<\/p>\t\t\t\t\t\t<\/div>\n\t\t\t\t<\/div>\n\t\t\t\t<div class=\"elementor-element elementor-element-8970e3f elementor-mobile-align-center elementor-widget elementor-widget-button\" data-id=\"8970e3f\" data-element_type=\"widget\" data-widget_type=\"button.default\">\n\t\t\t\t<div class=\"elementor-widget-container\">\n\t\t\t\t\t\t\t\t<a class=\"elementor-button elementor-button-link elementor-size-sm\" href=\"https:\/\/sites.1618.se\/myrangar\/holistisk-halsa\/\">\n\t\t\t\t\t\t<span class=\"elementor-button-content-wrapper\">\n\t\t\t\t\t\t\t\t\t<span class=\"elementor-button-text\">L\u00e4s mer h\u00e4r<\/span>\n\t\t\t\t\t<\/span>\n\t\t\t\t\t<\/a>\n\t\t\t\t\t\t<\/div>\n\t\t\t\t<\/div>\n\t\t\t\t<\/div>\n\t\t\t\t\t<\/div>\n\t\t\t\t<\/div>\n\t\t\t\t<\/div>\n\t\t\t\t<\/div>\n\t\t","protected":false},"excerpt":{"rendered":"<p>Aktiviteter &amp; upplevelser p\u00e5 Myr\u00e4ngsg\u00e5rden Upplev Dalaskogenp\u00e5 gammelvis Finns det n\u00e5got mer magiskt \u00e4n att \u00e5ka h\u00e4st och sl\u00e4de genom den djupa skogen, omgiven av facklor och bj\u00e4llror? Kanske \u00e4r v\u00e4gen upplyst av marschaller som lyser upp natten. Myr\u00e4ngsg\u00e5rdens v\u00e4nner,&#8230;<\/p>\n","protected":false},"author":1,"featured_media":3056,"parent":0,"menu_order":0,"comment_status":"closed","ping_status":"closed","template":"elementor_header_footer","meta":{"footnotes":""},"class_list":["post-3428","page","type-page","status-publish","has-post-thumbnail","hentry"],"yoast_head":"<!-- This site is optimized with the Yoast SEO plugin v22.7 - https:\/\/yoast.com\/wordpress\/plugins\/seo\/ -->\n<title>Myr\u00e4ngsg\u00e5rdens Aktiviteter &amp; Upplevelser - Myr\u00e4ngsg\u00e5rden<\/title>\n<meta name=\"robots\" content=\"noindex, follow, max-snippet:-1, max-image-preview:large, max-video-preview:-1\" \/>\n<meta property=\"og:locale\" content=\"sv_SE\" \/>\n<meta property=\"og:type\" content=\"article\" \/>\n<meta property=\"og:title\" content=\"Myr\u00e4ngsg\u00e5rdens Aktiviteter &amp; Upplevelser - Myr\u00e4ngsg\u00e5rden\" \/>\n<meta property=\"og:description\" content=\"Aktiviteter &amp; upplevelser p\u00e5 Myr\u00e4ngsg\u00e5rden Upplev Dalaskogenp\u00e5 gammelvis Finns det n\u00e5got mer magiskt \u00e4n att \u00e5ka h\u00e4st och sl\u00e4de genom den djupa skogen, omgiven av facklor och bj\u00e4llror? Kanske \u00e4r v\u00e4gen upplyst av marschaller som lyser upp natten. Myr\u00e4ngsg\u00e5rdens v\u00e4nner,...\" \/>\n<meta property=\"og:url\" content=\"https:\/\/sites.1618.se\/myrangar\/aktiviteter-och-upplevelser\/\" \/>\n<meta property=\"og:site_name\" content=\"Myr\u00e4ngsg\u00e5rden\" \/>\n<meta property=\"article:modified_time\" content=\"2025-09-12T12:22:05+00:00\" \/>\n<meta property=\"og:image\" content=\"https:\/\/sites.1618.se\/myrangar\/wp-content\/uploads\/2024\/06\/SPA08.jpg\" \/>\n\t<meta property=\"og:image:width\" content=\"1280\" \/>\n\t<meta property=\"og:image:height\" content=\"919\" \/>\n\t<meta property=\"og:image:type\" content=\"image\/jpeg\" \/>\n<meta name=\"twitter:card\" content=\"summary_large_image\" \/>\n<meta name=\"twitter:label1\" content=\"Ber\u00e4knad l\u00e4stid\" \/>\n\t<meta name=\"twitter:data1\" content=\"3 minuter\" \/>\n<script type=\"application\/ld+json\" class=\"yoast-schema-graph\">{\"@context\":\"https:\/\/schema.org\",\"@graph\":[{\"@type\":\"WebPage\",\"@id\":\"https:\/\/sites.1618.se\/myrangar\/aktiviteter-och-upplevelser\/\",\"url\":\"https:\/\/sites.1618.se\/myrangar\/aktiviteter-och-upplevelser\/\",\"name\":\"Myr\u00e4ngsg\u00e5rdens Aktiviteter & Upplevelser - Myr\u00e4ngsg\u00e5rden\",\"isPartOf\":{\"@id\":\"https:\/\/sites.1618.se\/myrangar\/#website\"},\"primaryImageOfPage\":{\"@id\":\"https:\/\/sites.1618.se\/myrangar\/aktiviteter-och-upplevelser\/#primaryimage\"},\"image\":{\"@id\":\"https:\/\/sites.1618.se\/myrangar\/aktiviteter-och-upplevelser\/#primaryimage\"},\"thumbnailUrl\":\"https:\/\/sites.1618.se\/myrangar\/wp-content\/uploads\/2024\/06\/SPA08.jpg\",\"datePublished\":\"2024-06-19T21:44:15+00:00\",\"dateModified\":\"2025-09-12T12:22:05+00:00\",\"breadcrumb\":{\"@id\":\"https:\/\/sites.1618.se\/myrangar\/aktiviteter-och-upplevelser\/#breadcrumb\"},\"inLanguage\":\"sv-SE\",\"potentialAction\":[{\"@type\":\"ReadAction\",\"target\":[\"https:\/\/sites.1618.se\/myrangar\/aktiviteter-och-upplevelser\/\"]}]},{\"@type\":\"ImageObject\",\"inLanguage\":\"sv-SE\",\"@id\":\"https:\/\/sites.1618.se\/myrangar\/aktiviteter-och-upplevelser\/#primaryimage\",\"url\":\"https:\/\/sites.1618.se\/myrangar\/wp-content\/uploads\/2024\/06\/SPA08.jpg\",\"contentUrl\":\"https:\/\/sites.1618.se\/myrangar\/wp-content\/uploads\/2024\/06\/SPA08.jpg\",\"width\":1280,\"height\":919},{\"@type\":\"BreadcrumbList\",\"@id\":\"https:\/\/sites.1618.se\/myrangar\/aktiviteter-och-upplevelser\/#breadcrumb\",\"itemListElement\":[{\"@type\":\"ListItem\",\"position\":1,\"name\":\"Hem\",\"item\":\"https:\/\/sites.1618.se\/myrangar\/\"},{\"@type\":\"ListItem\",\"position\":2,\"name\":\"Myr\u00e4ngsg\u00e5rdens Aktiviteter &#038; Upplevelser\"}]},{\"@type\":\"WebSite\",\"@id\":\"https:\/\/sites.1618.se\/myrangar\/#website\",\"url\":\"https:\/\/sites.1618.se\/myrangar\/\",\"name\":\"Myr\u00e4ngsg\u00e5rden\",\"description\":\"Hela Sveriges Sl\u00e4ktg\u00e5rd\",\"potentialAction\":[{\"@type\":\"SearchAction\",\"target\":{\"@type\":\"EntryPoint\",\"urlTemplate\":\"https:\/\/sites.1618.se\/myrangar\/?s={search_term_string}\"},\"query-input\":\"required name=search_term_string\"}],\"inLanguage\":\"sv-SE\"}]}<\/script>\n<!-- \/ Yoast SEO plugin. -->","yoast_head_json":{"title":"Myr\u00e4ngsg\u00e5rdens Aktiviteter & Upplevelser - Myr\u00e4ngsg\u00e5rden","robots":{"index":"noindex","follow":"follow","max-snippet":"max-snippet:-1","max-image-preview":"max-image-preview:large","max-video-preview":"max-video-preview:-1"},"og_locale":"sv_SE","og_type":"article","og_title":"Myr\u00e4ngsg\u00e5rdens Aktiviteter & Upplevelser - Myr\u00e4ngsg\u00e5rden","og_description":"Aktiviteter &amp; upplevelser p\u00e5 Myr\u00e4ngsg\u00e5rden Upplev Dalaskogenp\u00e5 gammelvis Finns det n\u00e5got mer magiskt \u00e4n att \u00e5ka h\u00e4st och sl\u00e4de genom den djupa skogen, omgiven av facklor och bj\u00e4llror? Kanske \u00e4r v\u00e4gen upplyst av marschaller som lyser upp natten. Myr\u00e4ngsg\u00e5rdens v\u00e4nner,...","og_url":"https:\/\/sites.1618.se\/myrangar\/aktiviteter-och-upplevelser\/","og_site_name":"Myr\u00e4ngsg\u00e5rden","article_modified_time":"2025-09-12T12:22:05+00:00","og_image":[{"width":1280,"height":919,"url":"https:\/\/sites.1618.se\/myrangar\/wp-content\/uploads\/2024\/06\/SPA08.jpg","type":"image\/jpeg"}],"twitter_card":"summary_large_image","twitter_misc":{"Ber\u00e4knad l\u00e4stid":"3 minuter"},"schema":{"@context":"https:\/\/schema.org","@graph":[{"@type":"WebPage","@id":"https:\/\/sites.1618.se\/myrangar\/aktiviteter-och-upplevelser\/","url":"https:\/\/sites.1618.se\/myrangar\/aktiviteter-och-upplevelser\/","name":"Myr\u00e4ngsg\u00e5rdens Aktiviteter & Upplevelser - Myr\u00e4ngsg\u00e5rden","isPartOf":{"@id":"https:\/\/sites.1618.se\/myrangar\/#website"},"primaryImageOfPage":{"@id":"https:\/\/sites.1618.se\/myrangar\/aktiviteter-och-upplevelser\/#primaryimage"},"image":{"@id":"https:\/\/sites.1618.se\/myrangar\/aktiviteter-och-upplevelser\/#primaryimage"},"thumbnailUrl":"https:\/\/sites.1618.se\/myrangar\/wp-content\/uploads\/2024\/06\/SPA08.jpg","datePublished":"2024-06-19T21:44:15+00:00","dateModified":"2025-09-12T12:22:05+00:00","breadcrumb":{"@id":"https:\/\/sites.1618.se\/myrangar\/aktiviteter-och-upplevelser\/#breadcrumb"},"inLanguage":"sv-SE","potentialAction":[{"@type":"ReadAction","target":["https:\/\/sites.1618.se\/myrangar\/aktiviteter-och-upplevelser\/"]}]},{"@type":"ImageObject","inLanguage":"sv-SE","@id":"https:\/\/sites.1618.se\/myrangar\/aktiviteter-och-upplevelser\/#primaryimage","url":"https:\/\/sites.1618.se\/myrangar\/wp-content\/uploads\/2024\/06\/SPA08.jpg","contentUrl":"https:\/\/sites.1618.se\/myrangar\/wp-content\/uploads\/2024\/06\/SPA08.jpg","width":1280,"height":919},{"@type":"BreadcrumbList","@id":"https:\/\/sites.1618.se\/myrangar\/aktiviteter-och-upplevelser\/#breadcrumb","itemListElement":[{"@type":"ListItem","position":1,"name":"Hem","item":"https:\/\/sites.1618.se\/myrangar\/"},{"@type":"ListItem","position":2,"name":"Myr\u00e4ngsg\u00e5rdens Aktiviteter &#038; Upplevelser"}]},{"@type":"WebSite","@id":"https:\/\/sites.1618.se\/myrangar\/#website","url":"https:\/\/sites.1618.se\/myrangar\/","name":"Myr\u00e4ngsg\u00e5rden","description":"Hela Sveriges Sl\u00e4ktg\u00e5rd","potentialAction":[{"@type":"SearchAction","target":{"@type":"EntryPoint","urlTemplate":"https:\/\/sites.1618.se\/myrangar\/?s={search_term_string}"},"query-input":"required name=search_term_string"}],"inLanguage":"sv-SE"}]}},"_links":{"self":[{"href":"https:\/\/sites.1618.se\/myrangar\/wp-json\/wp\/v2\/pages\/3428","targetHints":{"allow":["GET"]}}],"collection":[{"href":"https:\/\/sites.1618.se\/myrangar\/wp-json\/wp\/v2\/pages"}],"about":[{"href":"https:\/\/sites.1618.se\/myrangar\/wp-json\/wp\/v2\/types\/page"}],"author":[{"embeddable":true,"href":"https:\/\/sites.1618.se\/myrangar\/wp-json\/wp\/v2\/users\/1"}],"replies":[{"embeddable":true,"href":"https:\/\/sites.1618.se\/myrangar\/wp-json\/wp\/v2\/comments?post=3428"}],"version-history":[{"count":44,"href":"https:\/\/sites.1618.se\/myrangar\/wp-json\/wp\/v2\/pages\/3428\/revisions"}],"predecessor-version":[{"id":4819,"href":"https:\/\/sites.1618.se\/myrangar\/wp-json\/wp\/v2\/pages\/3428\/revisions\/4819"}],"wp:featuredmedia":[{"embeddable":true,"href":"https:\/\/sites.1618.se\/myrangar\/wp-json\/wp\/v2\/media\/3056"}],"wp:attachment":[{"href":"https:\/\/sites.1618.se\/myrangar\/wp-json\/wp\/v2\/media?parent=3428"}],"curies":[{"name":"wp","href":"https:\/\/api.w.org\/{rel}","templated":true}]}}