{"id":3450,"date":"2024-06-19T22:30:41","date_gmt":"2024-06-19T22:30:41","guid":{"rendered":"https:\/\/sites.1618.se\/myrangar\/?page_id=3450"},"modified":"2024-12-13T07:28:14","modified_gmt":"2024-12-13T07:28:14","slug":"taljadalahast","status":"publish","type":"page","link":"https:\/\/sites.1618.se\/myrangar\/taljadalahast\/","title":{"rendered":"T\u00e4lja Dalah\u00e4st"},"content":{"rendered":"\t\t<div data-elementor-type=\"wp-page\" data-elementor-id=\"3450\" class=\"elementor elementor-3450\" data-elementor-post-type=\"page\">\n\t\t\t\t<div class=\"elementor-element elementor-element-abc292a e-flex e-con-boxed parallax_section_no qode_elementor_container_no e-con e-parent\" data-id=\"abc292a\" data-element_type=\"container\">\n\t\t\t\t\t<div class=\"e-con-inner\">\n\t\t<div class=\"elementor-element elementor-element-44299b0d e-con-full e-flex parallax_section_no qode_elementor_container_no e-con e-child\" data-id=\"44299b0d\" data-element_type=\"container\">\n\t\t<div class=\"elementor-element elementor-element-70b35808 e-flex e-con-boxed parallax_section_no qode_elementor_container_no e-con e-child\" data-id=\"70b35808\" data-element_type=\"container\">\n\t\t\t\t\t<div class=\"e-con-inner\">\n\t\t\t\t<div class=\"elementor-element elementor-element-74673feb elementor-widget elementor-widget-text-editor\" data-id=\"74673feb\" data-element_type=\"widget\" data-widget_type=\"text-editor.default\">\n\t\t\t\t<div class=\"elementor-widget-container\">\n\t\t\t\t\t\t\t<h6>F\u00f6rst\u00e4rk din teamk\u00e4nsla p\u00e5 dalavis<\/h6>\t\t\t\t\t\t<\/div>\n\t\t\t\t<\/div>\n\t\t\t\t<div class=\"elementor-element elementor-element-f3f1744 elementor-widget__width-initial elementor-widget elementor-widget-text-editor\" data-id=\"f3f1744\" data-element_type=\"widget\" data-widget_type=\"text-editor.default\">\n\t\t\t\t<div class=\"elementor-widget-container\">\n\t\t\t\t\t\t\t<h2>T\u00e4lja Dalah\u00e4st med ditt team<\/h2>\t\t\t\t\t\t<\/div>\n\t\t\t\t<\/div>\n\t\t\t\t<div class=\"elementor-element elementor-element-76ebdf78 elementor-widget elementor-widget-text-editor\" data-id=\"76ebdf78\" data-element_type=\"widget\" data-widget_type=\"text-editor.default\">\n\t\t\t\t<div class=\"elementor-widget-container\">\n\t\t\t\t\t\t\t<p class=\"p1\"><i>H\u00e4sten var viktig i bondelivet. Stoltheten p\u00e5 g\u00e5rden. N\u00e4r m\u00e4nnen jobbade i skogen s\u00e5 kom de hem med leksaker till barnen, h\u00e4sten var naturlig att t\u00e4lja, d\u00e5 den var s\u00e5 central p\u00e5 g\u00e5rden. \u00c4lskad av alla.\u00a0Det finns h\u00e4star som \u00e4r daterad med kol 14 metoden fr\u00e5n 1500-talet. Arkeologerna tror man b\u00f6rjade g\u00f6ra dem runt 1100-talet. P\u00e5 1700-talet b\u00f6rjade g\u00e5rdfarihandlare s\u00e4lja h\u00e4star runt om i Sverige n\u00e4r de gick p\u00e5 \u201dherrarbeten\u201d. Varje by hade sin typ av h\u00e4st.\u00a0P\u00e5 v\u00e4rldsutst\u00e4llningen i New York 1939 fick dalah\u00e4sten sitt stora internationella genombrott och har sedan dess blivit en v\u00e4lk\u00e4nd \u201dSverigesymbol\u201d.\u00a0<\/i><\/p><p class=\"p1\"><b>P\u00e5 Myr\u00e4ngsg\u00e5rden hittades en egen h\u00e4st inne i en av v\u00e5ra v\u00e4ggar!<\/b><\/p><p class=\"p1\">Hos oss kan du boka t\u00e4ljning med v\u00e5ra erfarna t\u00e4ljare. Du f\u00e5r ett tr\u00e4-\u00e4mne och t\u00e4ljkniv samt sitta med n\u00e5gon av v\u00e5ra duktiga tr\u00e4h\u00e4stt\u00e4ljare som ber\u00e4ttar och visar hur man t\u00e4ljer en h\u00e4st. Att t\u00e4lja h\u00e4st \u00e4r v\u00e4ldigt kontemplativt. De flesta av s\u00e4llskapen f\u00e5r sin h\u00e4st i b\u00f6rjan av vistelsen och sedan sitter alla i olika h\u00f6rn och t\u00e4ljer. Det \u00e4r s\u00e5 fridfullt och sp\u00e4nnande att se olika h\u00e4star formas fram. Kanske du f\u00e5r en ny hobby?\u00a0<\/p>\t\t\t\t\t\t<\/div>\n\t\t\t\t<\/div>\n\t\t\t\t<div class=\"elementor-element elementor-element-e4b538f elementor-widget elementor-widget-text-editor\" data-id=\"e4b538f\" data-element_type=\"widget\" data-widget_type=\"text-editor.default\">\n\t\t\t\t<div class=\"elementor-widget-container\">\n\t\t\t\t\t\t\t<p class=\"p1\">Boka:\u00a0<span class=\"s1\">info@myransgsgarden.se<\/span><span class=\"Apple-converted-space\">\u00a0\u00a0<br \/><\/span><span style=\"text-align: var(--text-align);\">Pris: 350 ex moms\/person<br \/><\/span><span style=\"text-align: var(--text-align);\">N\u00e4r: \u00e5ret runt<\/span><\/p>\t\t\t\t\t\t<\/div>\n\t\t\t\t<\/div>\n\t\t\t\t\t<\/div>\n\t\t\t\t<\/div>\n\t\t\t\t<\/div>\n\t\t<div class=\"elementor-element elementor-element-7933879f e-con-full e-flex parallax_section_no qode_elementor_container_no e-con e-child\" data-id=\"7933879f\" data-element_type=\"container\">\n\t\t\t\t<div class=\"elementor-element elementor-element-14f1a43 elementor-widget elementor-widget-image\" data-id=\"14f1a43\" data-element_type=\"widget\" data-widget_type=\"image.default\">\n\t\t\t\t<div class=\"elementor-widget-container\">\n\t\t\t\t\t\t\t\t\t\t\t\t\t<img fetchpriority=\"high\" decoding=\"async\" width=\"1024\" height=\"801\" src=\"https:\/\/sites.1618.se\/myrangar\/wp-content\/uploads\/2024\/06\/Taljahast-1024x801.jpg\" class=\"attachment-large size-large wp-image-3454\" alt=\"\" srcset=\"https:\/\/sites.1618.se\/myrangar\/wp-content\/uploads\/2024\/06\/Taljahast-1024x801.jpg 1024w, https:\/\/sites.1618.se\/myrangar\/wp-content\/uploads\/2024\/06\/Taljahast-300x235.jpg 300w, https:\/\/sites.1618.se\/myrangar\/wp-content\/uploads\/2024\/06\/Taljahast-768x601.jpg 768w, https:\/\/sites.1618.se\/myrangar\/wp-content\/uploads\/2024\/06\/Taljahast-700x547.jpg 700w, https:\/\/sites.1618.se\/myrangar\/wp-content\/uploads\/2024\/06\/Taljahast.jpg 1276w\" sizes=\"(max-width: 1024px) 100vw, 1024px\" \/>\t\t\t\t\t\t\t\t\t\t\t\t\t<\/div>\n\t\t\t\t<\/div>\n\t\t\t\t<\/div>\n\t\t\t\t\t<\/div>\n\t\t\t\t<\/div>\n\t\t\t\t<\/div>\n\t\t","protected":false},"excerpt":{"rendered":"<p>F\u00f6rst\u00e4rk din teamk\u00e4nsla p\u00e5 dalavis T\u00e4lja Dalah\u00e4st med ditt team H\u00e4sten var viktig i bondelivet. Stoltheten p\u00e5 g\u00e5rden. N\u00e4r m\u00e4nnen jobbade i skogen s\u00e5 kom de hem med leksaker till barnen, h\u00e4sten var naturlig att t\u00e4lja, d\u00e5 den var s\u00e5&#8230;<\/p>\n","protected":false},"author":1,"featured_media":0,"parent":0,"menu_order":0,"comment_status":"closed","ping_status":"closed","template":"elementor_header_footer","meta":{"footnotes":""},"class_list":["post-3450","page","type-page","status-publish","hentry"],"yoast_head":"<!-- This site is optimized with the Yoast SEO plugin v22.7 - https:\/\/yoast.com\/wordpress\/plugins\/seo\/ -->\n<title>T\u00e4lja Dalah\u00e4st - Myr\u00e4ngsg\u00e5rden<\/title>\n<meta name=\"robots\" content=\"noindex, follow, max-snippet:-1, max-image-preview:large, max-video-preview:-1\" \/>\n<meta property=\"og:locale\" content=\"sv_SE\" \/>\n<meta property=\"og:type\" content=\"article\" \/>\n<meta property=\"og:title\" content=\"T\u00e4lja Dalah\u00e4st - Myr\u00e4ngsg\u00e5rden\" \/>\n<meta property=\"og:description\" content=\"F\u00f6rst\u00e4rk din teamk\u00e4nsla p\u00e5 dalavis T\u00e4lja Dalah\u00e4st med ditt team H\u00e4sten var viktig i bondelivet. Stoltheten p\u00e5 g\u00e5rden. N\u00e4r m\u00e4nnen jobbade i skogen s\u00e5 kom de hem med leksaker till barnen, h\u00e4sten var naturlig att t\u00e4lja, d\u00e5 den var s\u00e5...\" \/>\n<meta property=\"og:url\" content=\"https:\/\/sites.1618.se\/myrangar\/taljadalahast\/\" \/>\n<meta property=\"og:site_name\" content=\"Myr\u00e4ngsg\u00e5rden\" \/>\n<meta property=\"article:modified_time\" content=\"2024-12-13T07:28:14+00:00\" \/>\n<meta property=\"og:image\" content=\"https:\/\/sites.1618.se\/myrangar\/wp-content\/uploads\/2024\/06\/Taljahast-1024x801.jpg\" \/>\n<meta name=\"twitter:card\" content=\"summary_large_image\" \/>\n<meta name=\"twitter:label1\" content=\"Ber\u00e4knad l\u00e4stid\" \/>\n\t<meta name=\"twitter:data1\" content=\"2 minuter\" \/>\n<script type=\"application\/ld+json\" class=\"yoast-schema-graph\">{\"@context\":\"https:\/\/schema.org\",\"@graph\":[{\"@type\":\"WebPage\",\"@id\":\"https:\/\/sites.1618.se\/myrangar\/taljadalahast\/\",\"url\":\"https:\/\/sites.1618.se\/myrangar\/taljadalahast\/\",\"name\":\"T\u00e4lja Dalah\u00e4st - Myr\u00e4ngsg\u00e5rden\",\"isPartOf\":{\"@id\":\"https:\/\/sites.1618.se\/myrangar\/#website\"},\"primaryImageOfPage\":{\"@id\":\"https:\/\/sites.1618.se\/myrangar\/taljadalahast\/#primaryimage\"},\"image\":{\"@id\":\"https:\/\/sites.1618.se\/myrangar\/taljadalahast\/#primaryimage\"},\"thumbnailUrl\":\"https:\/\/sites.1618.se\/myrangar\/wp-content\/uploads\/2024\/06\/Taljahast-1024x801.jpg\",\"datePublished\":\"2024-06-19T22:30:41+00:00\",\"dateModified\":\"2024-12-13T07:28:14+00:00\",\"breadcrumb\":{\"@id\":\"https:\/\/sites.1618.se\/myrangar\/taljadalahast\/#breadcrumb\"},\"inLanguage\":\"sv-SE\",\"potentialAction\":[{\"@type\":\"ReadAction\",\"target\":[\"https:\/\/sites.1618.se\/myrangar\/taljadalahast\/\"]}]},{\"@type\":\"ImageObject\",\"inLanguage\":\"sv-SE\",\"@id\":\"https:\/\/sites.1618.se\/myrangar\/taljadalahast\/#primaryimage\",\"url\":\"https:\/\/sites.1618.se\/myrangar\/wp-content\/uploads\/2024\/06\/Taljahast.jpg\",\"contentUrl\":\"https:\/\/sites.1618.se\/myrangar\/wp-content\/uploads\/2024\/06\/Taljahast.jpg\",\"width\":1276,\"height\":998},{\"@type\":\"BreadcrumbList\",\"@id\":\"https:\/\/sites.1618.se\/myrangar\/taljadalahast\/#breadcrumb\",\"itemListElement\":[{\"@type\":\"ListItem\",\"position\":1,\"name\":\"Hem\",\"item\":\"https:\/\/sites.1618.se\/myrangar\/\"},{\"@type\":\"ListItem\",\"position\":2,\"name\":\"T\u00e4lja Dalah\u00e4st\"}]},{\"@type\":\"WebSite\",\"@id\":\"https:\/\/sites.1618.se\/myrangar\/#website\",\"url\":\"https:\/\/sites.1618.se\/myrangar\/\",\"name\":\"Myr\u00e4ngsg\u00e5rden\",\"description\":\"Hela Sveriges Sl\u00e4ktg\u00e5rd\",\"potentialAction\":[{\"@type\":\"SearchAction\",\"target\":{\"@type\":\"EntryPoint\",\"urlTemplate\":\"https:\/\/sites.1618.se\/myrangar\/?s={search_term_string}\"},\"query-input\":\"required name=search_term_string\"}],\"inLanguage\":\"sv-SE\"}]}<\/script>\n<!-- \/ Yoast SEO plugin. -->","yoast_head_json":{"title":"T\u00e4lja Dalah\u00e4st - Myr\u00e4ngsg\u00e5rden","robots":{"index":"noindex","follow":"follow","max-snippet":"max-snippet:-1","max-image-preview":"max-image-preview:large","max-video-preview":"max-video-preview:-1"},"og_locale":"sv_SE","og_type":"article","og_title":"T\u00e4lja Dalah\u00e4st - Myr\u00e4ngsg\u00e5rden","og_description":"F\u00f6rst\u00e4rk din teamk\u00e4nsla p\u00e5 dalavis T\u00e4lja Dalah\u00e4st med ditt team H\u00e4sten var viktig i bondelivet. Stoltheten p\u00e5 g\u00e5rden. N\u00e4r m\u00e4nnen jobbade i skogen s\u00e5 kom de hem med leksaker till barnen, h\u00e4sten var naturlig att t\u00e4lja, d\u00e5 den var s\u00e5...","og_url":"https:\/\/sites.1618.se\/myrangar\/taljadalahast\/","og_site_name":"Myr\u00e4ngsg\u00e5rden","article_modified_time":"2024-12-13T07:28:14+00:00","og_image":[{"url":"https:\/\/sites.1618.se\/myrangar\/wp-content\/uploads\/2024\/06\/Taljahast-1024x801.jpg"}],"twitter_card":"summary_large_image","twitter_misc":{"Ber\u00e4knad l\u00e4stid":"2 minuter"},"schema":{"@context":"https:\/\/schema.org","@graph":[{"@type":"WebPage","@id":"https:\/\/sites.1618.se\/myrangar\/taljadalahast\/","url":"https:\/\/sites.1618.se\/myrangar\/taljadalahast\/","name":"T\u00e4lja Dalah\u00e4st - Myr\u00e4ngsg\u00e5rden","isPartOf":{"@id":"https:\/\/sites.1618.se\/myrangar\/#website"},"primaryImageOfPage":{"@id":"https:\/\/sites.1618.se\/myrangar\/taljadalahast\/#primaryimage"},"image":{"@id":"https:\/\/sites.1618.se\/myrangar\/taljadalahast\/#primaryimage"},"thumbnailUrl":"https:\/\/sites.1618.se\/myrangar\/wp-content\/uploads\/2024\/06\/Taljahast-1024x801.jpg","datePublished":"2024-06-19T22:30:41+00:00","dateModified":"2024-12-13T07:28:14+00:00","breadcrumb":{"@id":"https:\/\/sites.1618.se\/myrangar\/taljadalahast\/#breadcrumb"},"inLanguage":"sv-SE","potentialAction":[{"@type":"ReadAction","target":["https:\/\/sites.1618.se\/myrangar\/taljadalahast\/"]}]},{"@type":"ImageObject","inLanguage":"sv-SE","@id":"https:\/\/sites.1618.se\/myrangar\/taljadalahast\/#primaryimage","url":"https:\/\/sites.1618.se\/myrangar\/wp-content\/uploads\/2024\/06\/Taljahast.jpg","contentUrl":"https:\/\/sites.1618.se\/myrangar\/wp-content\/uploads\/2024\/06\/Taljahast.jpg","width":1276,"height":998},{"@type":"BreadcrumbList","@id":"https:\/\/sites.1618.se\/myrangar\/taljadalahast\/#breadcrumb","itemListElement":[{"@type":"ListItem","position":1,"name":"Hem","item":"https:\/\/sites.1618.se\/myrangar\/"},{"@type":"ListItem","position":2,"name":"T\u00e4lja Dalah\u00e4st"}]},{"@type":"WebSite","@id":"https:\/\/sites.1618.se\/myrangar\/#website","url":"https:\/\/sites.1618.se\/myrangar\/","name":"Myr\u00e4ngsg\u00e5rden","description":"Hela Sveriges Sl\u00e4ktg\u00e5rd","potentialAction":[{"@type":"SearchAction","target":{"@type":"EntryPoint","urlTemplate":"https:\/\/sites.1618.se\/myrangar\/?s={search_term_string}"},"query-input":"required name=search_term_string"}],"inLanguage":"sv-SE"}]}},"_links":{"self":[{"href":"https:\/\/sites.1618.se\/myrangar\/wp-json\/wp\/v2\/pages\/3450","targetHints":{"allow":["GET"]}}],"collection":[{"href":"https:\/\/sites.1618.se\/myrangar\/wp-json\/wp\/v2\/pages"}],"about":[{"href":"https:\/\/sites.1618.se\/myrangar\/wp-json\/wp\/v2\/types\/page"}],"author":[{"embeddable":true,"href":"https:\/\/sites.1618.se\/myrangar\/wp-json\/wp\/v2\/users\/1"}],"replies":[{"embeddable":true,"href":"https:\/\/sites.1618.se\/myrangar\/wp-json\/wp\/v2\/comments?post=3450"}],"version-history":[{"count":10,"href":"https:\/\/sites.1618.se\/myrangar\/wp-json\/wp\/v2\/pages\/3450\/revisions"}],"predecessor-version":[{"id":4467,"href":"https:\/\/sites.1618.se\/myrangar\/wp-json\/wp\/v2\/pages\/3450\/revisions\/4467"}],"wp:attachment":[{"href":"https:\/\/sites.1618.se\/myrangar\/wp-json\/wp\/v2\/media?parent=3450"}],"curies":[{"name":"wp","href":"https:\/\/api.w.org\/{rel}","templated":true}]}}