{"id":3458,"date":"2024-06-19T22:51:25","date_gmt":"2024-06-19T22:51:25","guid":{"rendered":"https:\/\/sites.1618.se\/myrangar\/?page_id=3458"},"modified":"2025-09-10T12:27:17","modified_gmt":"2025-09-10T12:27:17","slug":"geten-irene","status":"publish","type":"page","link":"https:\/\/sites.1618.se\/myrangar\/geten-irene\/","title":{"rendered":"Tr\u00e4ffa geten Irene"},"content":{"rendered":"\t\t<div data-elementor-type=\"wp-page\" data-elementor-id=\"3458\" class=\"elementor elementor-3458\" data-elementor-post-type=\"page\">\n\t\t\t\t<div class=\"elementor-element elementor-element-55205a33 e-con-full e-flex parallax_section_no qode_elementor_container_no e-con e-parent\" data-id=\"55205a33\" data-element_type=\"container\">\n\t\t<div class=\"elementor-element elementor-element-77d63ad8 e-con-full e-flex parallax_section_no qode_elementor_container_no e-con e-child\" data-id=\"77d63ad8\" data-element_type=\"container\">\n\t\t<div class=\"elementor-element elementor-element-46c65883 e-flex e-con-boxed parallax_section_no qode_elementor_container_no e-con e-child\" data-id=\"46c65883\" data-element_type=\"container\">\n\t\t\t\t\t<div class=\"e-con-inner\">\n\t\t\t\t<div class=\"elementor-element elementor-element-3107b84d elementor-widget elementor-widget-text-editor\" data-id=\"3107b84d\" data-element_type=\"widget\" data-widget_type=\"text-editor.default\">\n\t\t\t\t<div class=\"elementor-widget-container\">\n\t\t\t\t\t\t\t<h6>F\u00f6rst\u00e4rk din teamk\u00e4nsla p\u00e5 dalavis<\/h6>\t\t\t\t\t\t<\/div>\n\t\t\t\t<\/div>\n\t\t\t\t<div class=\"elementor-element elementor-element-4b5d94d3 elementor-widget__width-initial elementor-widget elementor-widget-text-editor\" data-id=\"4b5d94d3\" data-element_type=\"widget\" data-widget_type=\"text-editor.default\">\n\t\t\t\t<div class=\"elementor-widget-container\">\n\t\t\t\t\t\t\t<h2>Tr\u00e4ffa geten Irene<br \/>&#8211; Ha en get-e h\u00e4rlig dag p\u00e5 bondg\u00e5rden<\/h2>\t\t\t\t\t\t<\/div>\n\t\t\t\t<\/div>\n\t\t\t\t<div class=\"elementor-element elementor-element-4fada563 elementor-widget elementor-widget-text-editor\" data-id=\"4fada563\" data-element_type=\"widget\" data-widget_type=\"text-editor.default\">\n\t\t\t\t<div class=\"elementor-widget-container\">\n\t\t\t\t\t\t\t<p class=\"p1\">Geten var fattig bondens dragdjur, allt i ett. Geten fick dra sl\u00e4de och sk\u00f6ta det tunga arbetet man normalt la p\u00e5 en ko eller h\u00e4st. Mor Lina har en fantastisk getg\u00e5rd i R\u00e4ttvik d\u00e4r hon bland annat arbetar mycket med<br \/>sin getost tillverkning. I sitt mejeri g\u00f6r hon de mest fantastiska ostar producerade med hennes 70 getter. D\u00e4r hittar du n\u00e5got f\u00f6r varje tillf\u00e4lle! Ut\u00f6ver osten erbjuder hon \u00e4ven otroligt k\u00f6tt och varma f\u00e4llar.<\/p><p class=\"p1\">P\u00e5 g\u00e5rden har Mor Lina \u00e4ven sin egen filmstj\u00e4rna, n\u00e4mligen Geten Irene som barnen s\u00e4kert k\u00e4nner till efter hennes roll i en popul\u00e4r SVT-produktion med julfix tema som spelas in p\u00e5 Myr\u00e4ngsg\u00e5rden. Ut\u00f6ver de 70 getterna p\u00e5 Mor Linas g\u00e5rd kan du \u00e4ven f\u00e5 m\u00f6jlighet att h\u00e4lsa p\u00e5 hennes 2 \u00e5snor och den fantastiska Thinker h\u00e4sten.<\/p><p class=\"p1\">Mor Lina kan komma med sina djur till Myr\u00e4ngsg\u00e5rden, eller att ni \u00e5ker till R\u00e4ttvik och h\u00e4lsa p\u00e5 henne.<\/p><p class=\"p3\">Boka: Direkt med Mor Lina 076 856 58 50<span class=\"s1\"><br \/><\/span>Pris: Pris efter \u00f6verenskommelse<br \/><br \/><\/p>\t\t\t\t\t\t<\/div>\n\t\t\t\t<\/div>\n\t\t\t\t\t<\/div>\n\t\t\t\t<\/div>\n\t\t\t\t<\/div>\n\t\t<div class=\"elementor-element elementor-element-5409b3b8 e-con-full e-flex parallax_section_no qode_elementor_container_no e-con e-child\" data-id=\"5409b3b8\" data-element_type=\"container\">\n\t\t\t\t<div class=\"elementor-element elementor-element-716d78a5 elementor-widget elementor-widget-image\" data-id=\"716d78a5\" data-element_type=\"widget\" data-widget_type=\"image.default\">\n\t\t\t\t<div class=\"elementor-widget-container\">\n\t\t\t\t\t\t\t\t\t\t\t\t\t<img fetchpriority=\"high\" decoding=\"async\" width=\"1024\" height=\"801\" src=\"https:\/\/sites.1618.se\/myrangar\/wp-content\/uploads\/2024\/06\/Geten-1024x801.jpg\" class=\"attachment-large size-large wp-image-3442\" alt=\"\" srcset=\"https:\/\/sites.1618.se\/myrangar\/wp-content\/uploads\/2024\/06\/Geten-1024x801.jpg 1024w, https:\/\/sites.1618.se\/myrangar\/wp-content\/uploads\/2024\/06\/Geten-300x235.jpg 300w, https:\/\/sites.1618.se\/myrangar\/wp-content\/uploads\/2024\/06\/Geten-768x601.jpg 768w, https:\/\/sites.1618.se\/myrangar\/wp-content\/uploads\/2024\/06\/Geten-700x547.jpg 700w, https:\/\/sites.1618.se\/myrangar\/wp-content\/uploads\/2024\/06\/Geten.jpg 1276w\" sizes=\"(max-width: 1024px) 100vw, 1024px\" \/>\t\t\t\t\t\t\t\t\t\t\t\t\t<\/div>\n\t\t\t\t<\/div>\n\t\t\t\t<\/div>\n\t\t\t\t<\/div>\n\t\t\t\t<\/div>\n\t\t","protected":false},"excerpt":{"rendered":"<p>F\u00f6rst\u00e4rk din teamk\u00e4nsla p\u00e5 dalavis Tr\u00e4ffa geten Irene&#8211; Ha en get-e h\u00e4rlig dag p\u00e5 bondg\u00e5rden Geten var fattig bondens dragdjur, allt i ett. Geten fick dra sl\u00e4de och sk\u00f6ta det tunga arbetet man normalt la p\u00e5 en ko eller h\u00e4st&#8230;.<\/p>\n","protected":false},"author":1,"featured_media":3442,"parent":0,"menu_order":0,"comment_status":"closed","ping_status":"closed","template":"elementor_header_footer","meta":{"footnotes":""},"class_list":["post-3458","page","type-page","status-publish","has-post-thumbnail","hentry"],"yoast_head":"<!-- This site is optimized with the Yoast SEO plugin v22.7 - https:\/\/yoast.com\/wordpress\/plugins\/seo\/ -->\n<title>Tr\u00e4ffa geten Irene - Myr\u00e4ngsg\u00e5rden<\/title>\n<meta name=\"robots\" content=\"noindex, follow, max-snippet:-1, max-image-preview:large, max-video-preview:-1\" \/>\n<meta property=\"og:locale\" content=\"sv_SE\" \/>\n<meta property=\"og:type\" content=\"article\" \/>\n<meta property=\"og:title\" content=\"Tr\u00e4ffa geten Irene - Myr\u00e4ngsg\u00e5rden\" \/>\n<meta property=\"og:description\" content=\"F\u00f6rst\u00e4rk din teamk\u00e4nsla p\u00e5 dalavis Tr\u00e4ffa geten Irene&#8211; Ha en get-e h\u00e4rlig dag p\u00e5 bondg\u00e5rden Geten var fattig bondens dragdjur, allt i ett. Geten fick dra sl\u00e4de och sk\u00f6ta det tunga arbetet man normalt la p\u00e5 en ko eller h\u00e4st....\" \/>\n<meta property=\"og:url\" content=\"https:\/\/sites.1618.se\/myrangar\/geten-irene\/\" \/>\n<meta property=\"og:site_name\" content=\"Myr\u00e4ngsg\u00e5rden\" \/>\n<meta property=\"article:modified_time\" content=\"2025-09-10T12:27:17+00:00\" \/>\n<meta property=\"og:image\" content=\"https:\/\/sites.1618.se\/myrangar\/wp-content\/uploads\/2024\/06\/Geten.jpg\" \/>\n\t<meta property=\"og:image:width\" content=\"1276\" \/>\n\t<meta property=\"og:image:height\" content=\"998\" \/>\n\t<meta property=\"og:image:type\" content=\"image\/jpeg\" \/>\n<meta name=\"twitter:card\" content=\"summary_large_image\" \/>\n<meta name=\"twitter:label1\" content=\"Ber\u00e4knad l\u00e4stid\" \/>\n\t<meta name=\"twitter:data1\" content=\"2 minuter\" \/>\n<script type=\"application\/ld+json\" class=\"yoast-schema-graph\">{\"@context\":\"https:\/\/schema.org\",\"@graph\":[{\"@type\":\"WebPage\",\"@id\":\"https:\/\/sites.1618.se\/myrangar\/geten-irene\/\",\"url\":\"https:\/\/sites.1618.se\/myrangar\/geten-irene\/\",\"name\":\"Tr\u00e4ffa geten Irene - Myr\u00e4ngsg\u00e5rden\",\"isPartOf\":{\"@id\":\"https:\/\/sites.1618.se\/myrangar\/#website\"},\"primaryImageOfPage\":{\"@id\":\"https:\/\/sites.1618.se\/myrangar\/geten-irene\/#primaryimage\"},\"image\":{\"@id\":\"https:\/\/sites.1618.se\/myrangar\/geten-irene\/#primaryimage\"},\"thumbnailUrl\":\"https:\/\/sites.1618.se\/myrangar\/wp-content\/uploads\/2024\/06\/Geten.jpg\",\"datePublished\":\"2024-06-19T22:51:25+00:00\",\"dateModified\":\"2025-09-10T12:27:17+00:00\",\"breadcrumb\":{\"@id\":\"https:\/\/sites.1618.se\/myrangar\/geten-irene\/#breadcrumb\"},\"inLanguage\":\"sv-SE\",\"potentialAction\":[{\"@type\":\"ReadAction\",\"target\":[\"https:\/\/sites.1618.se\/myrangar\/geten-irene\/\"]}]},{\"@type\":\"ImageObject\",\"inLanguage\":\"sv-SE\",\"@id\":\"https:\/\/sites.1618.se\/myrangar\/geten-irene\/#primaryimage\",\"url\":\"https:\/\/sites.1618.se\/myrangar\/wp-content\/uploads\/2024\/06\/Geten.jpg\",\"contentUrl\":\"https:\/\/sites.1618.se\/myrangar\/wp-content\/uploads\/2024\/06\/Geten.jpg\",\"width\":1276,\"height\":998},{\"@type\":\"BreadcrumbList\",\"@id\":\"https:\/\/sites.1618.se\/myrangar\/geten-irene\/#breadcrumb\",\"itemListElement\":[{\"@type\":\"ListItem\",\"position\":1,\"name\":\"Hem\",\"item\":\"https:\/\/sites.1618.se\/myrangar\/\"},{\"@type\":\"ListItem\",\"position\":2,\"name\":\"Tr\u00e4ffa geten Irene\"}]},{\"@type\":\"WebSite\",\"@id\":\"https:\/\/sites.1618.se\/myrangar\/#website\",\"url\":\"https:\/\/sites.1618.se\/myrangar\/\",\"name\":\"Myr\u00e4ngsg\u00e5rden\",\"description\":\"Hela Sveriges Sl\u00e4ktg\u00e5rd\",\"potentialAction\":[{\"@type\":\"SearchAction\",\"target\":{\"@type\":\"EntryPoint\",\"urlTemplate\":\"https:\/\/sites.1618.se\/myrangar\/?s={search_term_string}\"},\"query-input\":\"required name=search_term_string\"}],\"inLanguage\":\"sv-SE\"}]}<\/script>\n<!-- \/ Yoast SEO plugin. -->","yoast_head_json":{"title":"Tr\u00e4ffa geten Irene - Myr\u00e4ngsg\u00e5rden","robots":{"index":"noindex","follow":"follow","max-snippet":"max-snippet:-1","max-image-preview":"max-image-preview:large","max-video-preview":"max-video-preview:-1"},"og_locale":"sv_SE","og_type":"article","og_title":"Tr\u00e4ffa geten Irene - Myr\u00e4ngsg\u00e5rden","og_description":"F\u00f6rst\u00e4rk din teamk\u00e4nsla p\u00e5 dalavis Tr\u00e4ffa geten Irene&#8211; Ha en get-e h\u00e4rlig dag p\u00e5 bondg\u00e5rden Geten var fattig bondens dragdjur, allt i ett. Geten fick dra sl\u00e4de och sk\u00f6ta det tunga arbetet man normalt la p\u00e5 en ko eller h\u00e4st....","og_url":"https:\/\/sites.1618.se\/myrangar\/geten-irene\/","og_site_name":"Myr\u00e4ngsg\u00e5rden","article_modified_time":"2025-09-10T12:27:17+00:00","og_image":[{"width":1276,"height":998,"url":"https:\/\/sites.1618.se\/myrangar\/wp-content\/uploads\/2024\/06\/Geten.jpg","type":"image\/jpeg"}],"twitter_card":"summary_large_image","twitter_misc":{"Ber\u00e4knad l\u00e4stid":"2 minuter"},"schema":{"@context":"https:\/\/schema.org","@graph":[{"@type":"WebPage","@id":"https:\/\/sites.1618.se\/myrangar\/geten-irene\/","url":"https:\/\/sites.1618.se\/myrangar\/geten-irene\/","name":"Tr\u00e4ffa geten Irene - Myr\u00e4ngsg\u00e5rden","isPartOf":{"@id":"https:\/\/sites.1618.se\/myrangar\/#website"},"primaryImageOfPage":{"@id":"https:\/\/sites.1618.se\/myrangar\/geten-irene\/#primaryimage"},"image":{"@id":"https:\/\/sites.1618.se\/myrangar\/geten-irene\/#primaryimage"},"thumbnailUrl":"https:\/\/sites.1618.se\/myrangar\/wp-content\/uploads\/2024\/06\/Geten.jpg","datePublished":"2024-06-19T22:51:25+00:00","dateModified":"2025-09-10T12:27:17+00:00","breadcrumb":{"@id":"https:\/\/sites.1618.se\/myrangar\/geten-irene\/#breadcrumb"},"inLanguage":"sv-SE","potentialAction":[{"@type":"ReadAction","target":["https:\/\/sites.1618.se\/myrangar\/geten-irene\/"]}]},{"@type":"ImageObject","inLanguage":"sv-SE","@id":"https:\/\/sites.1618.se\/myrangar\/geten-irene\/#primaryimage","url":"https:\/\/sites.1618.se\/myrangar\/wp-content\/uploads\/2024\/06\/Geten.jpg","contentUrl":"https:\/\/sites.1618.se\/myrangar\/wp-content\/uploads\/2024\/06\/Geten.jpg","width":1276,"height":998},{"@type":"BreadcrumbList","@id":"https:\/\/sites.1618.se\/myrangar\/geten-irene\/#breadcrumb","itemListElement":[{"@type":"ListItem","position":1,"name":"Hem","item":"https:\/\/sites.1618.se\/myrangar\/"},{"@type":"ListItem","position":2,"name":"Tr\u00e4ffa geten Irene"}]},{"@type":"WebSite","@id":"https:\/\/sites.1618.se\/myrangar\/#website","url":"https:\/\/sites.1618.se\/myrangar\/","name":"Myr\u00e4ngsg\u00e5rden","description":"Hela Sveriges Sl\u00e4ktg\u00e5rd","potentialAction":[{"@type":"SearchAction","target":{"@type":"EntryPoint","urlTemplate":"https:\/\/sites.1618.se\/myrangar\/?s={search_term_string}"},"query-input":"required name=search_term_string"}],"inLanguage":"sv-SE"}]}},"_links":{"self":[{"href":"https:\/\/sites.1618.se\/myrangar\/wp-json\/wp\/v2\/pages\/3458","targetHints":{"allow":["GET"]}}],"collection":[{"href":"https:\/\/sites.1618.se\/myrangar\/wp-json\/wp\/v2\/pages"}],"about":[{"href":"https:\/\/sites.1618.se\/myrangar\/wp-json\/wp\/v2\/types\/page"}],"author":[{"embeddable":true,"href":"https:\/\/sites.1618.se\/myrangar\/wp-json\/wp\/v2\/users\/1"}],"replies":[{"embeddable":true,"href":"https:\/\/sites.1618.se\/myrangar\/wp-json\/wp\/v2\/comments?post=3458"}],"version-history":[{"count":31,"href":"https:\/\/sites.1618.se\/myrangar\/wp-json\/wp\/v2\/pages\/3458\/revisions"}],"predecessor-version":[{"id":4652,"href":"https:\/\/sites.1618.se\/myrangar\/wp-json\/wp\/v2\/pages\/3458\/revisions\/4652"}],"wp:featuredmedia":[{"embeddable":true,"href":"https:\/\/sites.1618.se\/myrangar\/wp-json\/wp\/v2\/media\/3442"}],"wp:attachment":[{"href":"https:\/\/sites.1618.se\/myrangar\/wp-json\/wp\/v2\/media?parent=3458"}],"curies":[{"name":"wp","href":"https:\/\/api.w.org\/{rel}","templated":true}]}}