{"id":3777,"date":"2024-08-14T18:38:14","date_gmt":"2024-08-14T18:38:14","guid":{"rendered":"https:\/\/sites.1618.se\/myrangar\/?page_id=3777"},"modified":"2024-12-13T08:11:40","modified_gmt":"2024-12-13T08:11:40","slug":"spa-relax","status":"publish","type":"page","link":"https:\/\/sites.1618.se\/myrangar\/spa-relax\/","title":{"rendered":"Spa &#038; relax"},"content":{"rendered":"\t\t<div data-elementor-type=\"wp-page\" data-elementor-id=\"3777\" class=\"elementor elementor-3777\" data-elementor-post-type=\"page\">\n\t\t\t\t<div class=\"elementor-element elementor-element-abc292a e-flex e-con-boxed parallax_section_no qode_elementor_container_no e-con e-parent\" data-id=\"abc292a\" data-element_type=\"container\">\n\t\t\t\t\t<div class=\"e-con-inner\">\n\t\t<div class=\"elementor-element elementor-element-44299b0d e-con-full e-flex parallax_section_no qode_elementor_container_no e-con e-child\" data-id=\"44299b0d\" data-element_type=\"container\">\n\t\t<div class=\"elementor-element elementor-element-70b35808 e-flex e-con-boxed parallax_section_no qode_elementor_container_no e-con e-child\" data-id=\"70b35808\" data-element_type=\"container\">\n\t\t\t\t\t<div class=\"e-con-inner\">\n\t\t\t\t<div class=\"elementor-element elementor-element-74673feb elementor-widget elementor-widget-text-editor\" data-id=\"74673feb\" data-element_type=\"widget\" data-widget_type=\"text-editor.default\">\n\t\t\t\t<div class=\"elementor-widget-container\">\n\t\t\t\t\t\t\t<h6>Myr\u00e4ngsg\u00e5rdens Spa &amp; Relax<\/h6>\t\t\t\t\t\t<\/div>\n\t\t\t\t<\/div>\n\t\t\t\t<div class=\"elementor-element elementor-element-610314cb elementor-widget__width-initial elementor-widget elementor-widget-text-editor\" data-id=\"610314cb\" data-element_type=\"widget\" data-widget_type=\"text-editor.default\">\n\t\t\t\t<div class=\"elementor-widget-container\">\n\t\t\t\t\t\t\t<h2>Hitta ditt inre<br \/>Dala-lugn<\/h2>\t\t\t\t\t\t<\/div>\n\t\t\t\t<\/div>\n\t\t\t\t<div class=\"elementor-element elementor-element-76ebdf78 elementor-widget elementor-widget-text-editor\" data-id=\"76ebdf78\" data-element_type=\"widget\" data-widget_type=\"text-editor.default\">\n\t\t\t\t<div class=\"elementor-widget-container\">\n\t\t\t\t\t\t\t<p class=\"p1\">B\u00f6rja er vistelse med att koppla av i v\u00e5r fridfulla bastu, f\u00f6ljt av ett dopp i v\u00e5r stora h\u00e4rliga badtunna. Njut i v\u00e5r mysiga relaxavdelning och l\u00e5t vardagens stress rinna av er. Eller varf\u00f6r inte varva ner och komma in till lyx och v\u00e4rme efter en dag fylld av upplevelser. Oavsett n\u00e4r,\u00a0 \u00e4r det h\u00e4r ni hittar det inre Dala-lugnet tillsammans.<\/p>\t\t\t\t\t\t<\/div>\n\t\t\t\t<\/div>\n\t\t\t\t<div class=\"elementor-element elementor-element-b746b40 elementor-icon-list--layout-traditional elementor-list-item-link-full_width elementor-widget elementor-widget-icon-list\" data-id=\"b746b40\" data-element_type=\"widget\" data-widget_type=\"icon-list.default\">\n\t\t\t\t<div class=\"elementor-widget-container\">\n\t\t\t\t\t<ul class=\"elementor-icon-list-items\">\n\t\t\t\t\t\t\t<li class=\"elementor-icon-list-item\">\n\t\t\t\t\t\t\t\t\t\t\t<span class=\"elementor-icon-list-icon\">\n\t\t\t\t\t\t\t<svg aria-hidden=\"true\" class=\"e-font-icon-svg e-fas-shower\" viewBox=\"0 0 512 512\" xmlns=\"http:\/\/www.w3.org\/2000\/svg\"><path d=\"M304,320a16,16,0,1,0,16,16A16,16,0,0,0,304,320Zm32-96a16,16,0,1,0,16,16A16,16,0,0,0,336,224Zm32,64a16,16,0,1,0-16-16A16,16,0,0,0,368,288Zm-32,32a16,16,0,1,0-16-16A16,16,0,0,0,336,320Zm-32-64a16,16,0,1,0,16,16A16,16,0,0,0,304,256Zm128-32a16,16,0,1,0-16-16A16,16,0,0,0,432,224Zm-48,16a16,16,0,1,0,16-16A16,16,0,0,0,384,240Zm-16-48a16,16,0,1,0,16,16A16,16,0,0,0,368,192Zm96,32a16,16,0,1,0,16,16A16,16,0,0,0,464,224Zm32-32a16,16,0,1,0,16,16A16,16,0,0,0,496,192Zm-64,64a16,16,0,1,0,16,16A16,16,0,0,0,432,256Zm-32,32a16,16,0,1,0,16,16A16,16,0,0,0,400,288Zm-64,64a16,16,0,1,0,16,16A16,16,0,0,0,336,352Zm-32,32a16,16,0,1,0,16,16A16,16,0,0,0,304,384Zm64-64a16,16,0,1,0,16,16A16,16,0,0,0,368,320Zm21.65-218.35-11.3-11.31a16,16,0,0,0-22.63,0L350.05,96A111.19,111.19,0,0,0,272,64c-19.24,0-37.08,5.3-52.9,13.85l-10-10A121.72,121.72,0,0,0,123.44,32C55.49,31.5,0,92.91,0,160.85V464a16,16,0,0,0,16,16H48a16,16,0,0,0,16-16V158.4c0-30.15,21-58.2,51-61.93a58.38,58.38,0,0,1,48.93,16.67l10,10C165.3,138.92,160,156.76,160,176a111.23,111.23,0,0,0,32,78.05l-5.66,5.67a16,16,0,0,0,0,22.62l11.3,11.31a16,16,0,0,0,22.63,0L389.65,124.28A16,16,0,0,0,389.65,101.65Z\"><\/path><\/svg>\t\t\t\t\t\t<\/span>\n\t\t\t\t\t\t\t\t\t\t<span class=\"elementor-icon-list-text\">Stor dubbeldusch & en enskild dusch<\/span>\n\t\t\t\t\t\t\t\t\t<\/li>\n\t\t\t\t\t\t\t\t<li class=\"elementor-icon-list-item\">\n\t\t\t\t\t\t\t\t\t\t\t<span class=\"elementor-icon-list-icon\">\n\t\t\t\t\t\t\t<svg aria-hidden=\"true\" class=\"e-font-icon-svg e-fas-bath\" viewBox=\"0 0 512 512\" xmlns=\"http:\/\/www.w3.org\/2000\/svg\"><path d=\"M32,384a95.4,95.4,0,0,0,32,71.09V496a16,16,0,0,0,16,16h32a16,16,0,0,0,16-16V480H384v16a16,16,0,0,0,16,16h32a16,16,0,0,0,16-16V455.09A95.4,95.4,0,0,0,480,384V336H32ZM496,256H80V69.25a21.26,21.26,0,0,1,36.28-15l19.27,19.26c-13.13,29.88-7.61,59.11,8.62,79.73l-.17.17A16,16,0,0,0,144,176l11.31,11.31a16,16,0,0,0,22.63,0L283.31,81.94a16,16,0,0,0,0-22.63L272,48a16,16,0,0,0-22.62,0l-.17.17c-20.62-16.23-49.83-21.75-79.73-8.62L150.22,20.28A69.25,69.25,0,0,0,32,69.25V256H16A16,16,0,0,0,0,272v16a16,16,0,0,0,16,16H496a16,16,0,0,0,16-16V272A16,16,0,0,0,496,256Z\"><\/path><\/svg>\t\t\t\t\t\t<\/span>\n\t\t\t\t\t\t\t\t\t\t<span class=\"elementor-icon-list-text\">Boka v\u00e5r h\u00e4rliga badtunna med vacker utsikt <\/span>\n\t\t\t\t\t\t\t\t\t<\/li>\n\t\t\t\t\t\t\t\t<li class=\"elementor-icon-list-item\">\n\t\t\t\t\t\t\t\t\t\t\t<span class=\"elementor-icon-list-icon\">\n\t\t\t\t\t\t\t<svg aria-hidden=\"true\" class=\"e-font-icon-svg e-fas-fire-alt\" viewBox=\"0 0 448 512\" xmlns=\"http:\/\/www.w3.org\/2000\/svg\"><path d=\"M323.56 51.2c-20.8 19.3-39.58 39.59-56.22 59.97C240.08 73.62 206.28 35.53 168 0 69.74 91.17 0 209.96 0 281.6 0 408.85 100.29 512 224 512s224-103.15 224-230.4c0-53.27-51.98-163.14-124.44-230.4zm-19.47 340.65C282.43 407.01 255.72 416 226.86 416 154.71 416 96 368.26 96 290.75c0-38.61 24.31-72.63 72.79-130.75 6.93 7.98 98.83 125.34 98.83 125.34l58.63-66.88c4.14 6.85 7.91 13.55 11.27 19.97 27.35 52.19 15.81 118.97-33.43 153.42z\"><\/path><\/svg>\t\t\t\t\t\t<\/span>\n\t\t\t\t\t\t\t\t\t\t<span class=\"elementor-icon-list-text\">Fridull bastu<\/span>\n\t\t\t\t\t\t\t\t\t<\/li>\n\t\t\t\t\t\t\t\t<li class=\"elementor-icon-list-item\">\n\t\t\t\t\t\t\t\t\t\t\t<span class=\"elementor-icon-list-icon\">\n\t\t\t\t\t\t\t<svg aria-hidden=\"true\" class=\"e-font-icon-svg e-fas-glass-martini-alt\" viewBox=\"0 0 512 512\" xmlns=\"http:\/\/www.w3.org\/2000\/svg\"><path d=\"M502.05 57.6C523.3 36.34 508.25 0 478.2 0H33.8C3.75 0-11.3 36.34 9.95 57.6L224 271.64V464h-56c-22.09 0-40 17.91-40 40 0 4.42 3.58 8 8 8h240c4.42 0 8-3.58 8-8 0-22.09-17.91-40-40-40h-56V271.64L502.05 57.6zM443.77 48l-48 48H116.24l-48-48h375.53z\"><\/path><\/svg>\t\t\t\t\t\t<\/span>\n\t\t\t\t\t\t\t\t\t\t<span class=\"elementor-icon-list-text\">Relaxyta<\/span>\n\t\t\t\t\t\t\t\t\t<\/li>\n\t\t\t\t\t\t<\/ul>\n\t\t\t\t<\/div>\n\t\t\t\t<\/div>\n\t\t\t\t\t<\/div>\n\t\t\t\t<\/div>\n\t\t\t\t<\/div>\n\t\t<div class=\"elementor-element elementor-element-7933879f e-con-full e-flex parallax_section_no qode_elementor_container_no e-con e-child\" data-id=\"7933879f\" data-element_type=\"container\">\n\t\t\t\t<div class=\"elementor-element elementor-element-1bd7b62 elementor-widget elementor-widget-bridge_image_gallery\" data-id=\"1bd7b62\" data-element_type=\"widget\" data-widget_type=\"bridge_image_gallery.default\">\n\t\t\t\t<div class=\"elementor-widget-container\">\n\t\t\t<div class=\"qode-image-gallery\"><div class=\"qode-image-gallery-inner\"><div class=\"qode-image-gallery-slides drag_enabled flexslider_fade flexslider\" data-interval=\"0\" data-flex_fx=\"fade\"data-control=\"false\"data-direction=\"true\"data-drag=\"true\"><ul class=\"slides\"><li><img decoding=\"async\" itemprop=\"image\" src=\"https:\/\/sites.1618.se\/myrangar\/wp-content\/uploads\/2024\/06\/SPA08.jpg\" \/><\/li><li><img decoding=\"async\" itemprop=\"image\" src=\"https:\/\/sites.1618.se\/myrangar\/wp-content\/uploads\/2024\/06\/SPA03.jpg\" \/><\/li><li><img decoding=\"async\" itemprop=\"image\" src=\"https:\/\/sites.1618.se\/myrangar\/wp-content\/uploads\/2024\/06\/SPA06.jpg\" \/><\/li><li><img decoding=\"async\" itemprop=\"image\" src=\"https:\/\/sites.1618.se\/myrangar\/wp-content\/uploads\/2024\/06\/SPA01.jpg\" \/><\/li><li><img decoding=\"async\" itemprop=\"image\" src=\"https:\/\/sites.1618.se\/myrangar\/wp-content\/uploads\/2024\/06\/SPA04.jpg\" \/><\/li><li><img decoding=\"async\" itemprop=\"image\" src=\"https:\/\/sites.1618.se\/myrangar\/wp-content\/uploads\/2024\/06\/SPA02.jpg\" \/><\/li><li><img decoding=\"async\" itemprop=\"image\" src=\"https:\/\/sites.1618.se\/myrangar\/wp-content\/uploads\/2024\/06\/SPA05.jpg\" \/><\/li><li><img decoding=\"async\" itemprop=\"image\" src=\"https:\/\/sites.1618.se\/myrangar\/wp-content\/uploads\/2024\/06\/SPA07.jpg\" \/><\/li><\/div><\/div><\/div>\t\t<\/div>\n\t\t\t\t<\/div>\n\t\t\t\t<\/div>\n\t\t\t\t\t<\/div>\n\t\t\t\t<\/div>\n\t\t\t\t<\/div>\n\t\t","protected":false},"excerpt":{"rendered":"<p>Myr\u00e4ngsg\u00e5rdens Spa &amp; Relax Hitta ditt inreDala-lugn B\u00f6rja er vistelse med att koppla av i v\u00e5r fridfulla bastu, f\u00f6ljt av ett dopp i v\u00e5r stora h\u00e4rliga badtunna. Njut i v\u00e5r mysiga relaxavdelning och l\u00e5t vardagens stress rinna av er. Eller&#8230;<\/p>\n","protected":false},"author":1,"featured_media":3231,"parent":0,"menu_order":0,"comment_status":"closed","ping_status":"closed","template":"elementor_header_footer","meta":{"footnotes":""},"class_list":["post-3777","page","type-page","status-publish","has-post-thumbnail","hentry"],"yoast_head":"<!-- This site is optimized with the Yoast SEO plugin v22.7 - https:\/\/yoast.com\/wordpress\/plugins\/seo\/ -->\n<title>Spa &amp; relax - Myr\u00e4ngsg\u00e5rden<\/title>\n<meta name=\"robots\" content=\"noindex, follow, max-snippet:-1, max-image-preview:large, max-video-preview:-1\" \/>\n<meta property=\"og:locale\" content=\"sv_SE\" \/>\n<meta property=\"og:type\" content=\"article\" \/>\n<meta property=\"og:title\" content=\"Spa &amp; relax - Myr\u00e4ngsg\u00e5rden\" \/>\n<meta property=\"og:description\" content=\"Myr\u00e4ngsg\u00e5rdens Spa &amp; Relax Hitta ditt inreDala-lugn B\u00f6rja er vistelse med att koppla av i v\u00e5r fridfulla bastu, f\u00f6ljt av ett dopp i v\u00e5r stora h\u00e4rliga badtunna. Njut i v\u00e5r mysiga relaxavdelning och l\u00e5t vardagens stress rinna av er. Eller...\" \/>\n<meta property=\"og:url\" content=\"https:\/\/sites.1618.se\/myrangar\/spa-relax\/\" \/>\n<meta property=\"og:site_name\" content=\"Myr\u00e4ngsg\u00e5rden\" \/>\n<meta property=\"article:modified_time\" content=\"2024-12-13T08:11:40+00:00\" \/>\n<meta property=\"og:image\" content=\"https:\/\/sites.1618.se\/myrangar\/wp-content\/uploads\/2024\/06\/IMG_0756.jpg\" \/>\n\t<meta property=\"og:image:width\" content=\"2048\" \/>\n\t<meta property=\"og:image:height\" content=\"1365\" \/>\n\t<meta property=\"og:image:type\" content=\"image\/jpeg\" \/>\n<meta name=\"twitter:card\" content=\"summary_large_image\" \/>\n<meta name=\"twitter:label1\" content=\"Ber\u00e4knad l\u00e4stid\" \/>\n\t<meta name=\"twitter:data1\" content=\"3 minuter\" \/>\n<script type=\"application\/ld+json\" class=\"yoast-schema-graph\">{\"@context\":\"https:\/\/schema.org\",\"@graph\":[{\"@type\":\"WebPage\",\"@id\":\"https:\/\/sites.1618.se\/myrangar\/spa-relax\/\",\"url\":\"https:\/\/sites.1618.se\/myrangar\/spa-relax\/\",\"name\":\"Spa & relax - Myr\u00e4ngsg\u00e5rden\",\"isPartOf\":{\"@id\":\"https:\/\/sites.1618.se\/myrangar\/#website\"},\"primaryImageOfPage\":{\"@id\":\"https:\/\/sites.1618.se\/myrangar\/spa-relax\/#primaryimage\"},\"image\":{\"@id\":\"https:\/\/sites.1618.se\/myrangar\/spa-relax\/#primaryimage\"},\"thumbnailUrl\":\"https:\/\/sites.1618.se\/myrangar\/wp-content\/uploads\/2024\/06\/IMG_0756.jpg\",\"datePublished\":\"2024-08-14T18:38:14+00:00\",\"dateModified\":\"2024-12-13T08:11:40+00:00\",\"breadcrumb\":{\"@id\":\"https:\/\/sites.1618.se\/myrangar\/spa-relax\/#breadcrumb\"},\"inLanguage\":\"sv-SE\",\"potentialAction\":[{\"@type\":\"ReadAction\",\"target\":[\"https:\/\/sites.1618.se\/myrangar\/spa-relax\/\"]}]},{\"@type\":\"ImageObject\",\"inLanguage\":\"sv-SE\",\"@id\":\"https:\/\/sites.1618.se\/myrangar\/spa-relax\/#primaryimage\",\"url\":\"https:\/\/sites.1618.se\/myrangar\/wp-content\/uploads\/2024\/06\/IMG_0756.jpg\",\"contentUrl\":\"https:\/\/sites.1618.se\/myrangar\/wp-content\/uploads\/2024\/06\/IMG_0756.jpg\",\"width\":2048,\"height\":1365},{\"@type\":\"BreadcrumbList\",\"@id\":\"https:\/\/sites.1618.se\/myrangar\/spa-relax\/#breadcrumb\",\"itemListElement\":[{\"@type\":\"ListItem\",\"position\":1,\"name\":\"Hem\",\"item\":\"https:\/\/sites.1618.se\/myrangar\/\"},{\"@type\":\"ListItem\",\"position\":2,\"name\":\"Spa &#038; relax\"}]},{\"@type\":\"WebSite\",\"@id\":\"https:\/\/sites.1618.se\/myrangar\/#website\",\"url\":\"https:\/\/sites.1618.se\/myrangar\/\",\"name\":\"Myr\u00e4ngsg\u00e5rden\",\"description\":\"Hela Sveriges Sl\u00e4ktg\u00e5rd\",\"potentialAction\":[{\"@type\":\"SearchAction\",\"target\":{\"@type\":\"EntryPoint\",\"urlTemplate\":\"https:\/\/sites.1618.se\/myrangar\/?s={search_term_string}\"},\"query-input\":\"required name=search_term_string\"}],\"inLanguage\":\"sv-SE\"}]}<\/script>\n<!-- \/ Yoast SEO plugin. -->","yoast_head_json":{"title":"Spa & relax - Myr\u00e4ngsg\u00e5rden","robots":{"index":"noindex","follow":"follow","max-snippet":"max-snippet:-1","max-image-preview":"max-image-preview:large","max-video-preview":"max-video-preview:-1"},"og_locale":"sv_SE","og_type":"article","og_title":"Spa & relax - Myr\u00e4ngsg\u00e5rden","og_description":"Myr\u00e4ngsg\u00e5rdens Spa &amp; Relax Hitta ditt inreDala-lugn B\u00f6rja er vistelse med att koppla av i v\u00e5r fridfulla bastu, f\u00f6ljt av ett dopp i v\u00e5r stora h\u00e4rliga badtunna. Njut i v\u00e5r mysiga relaxavdelning och l\u00e5t vardagens stress rinna av er. Eller...","og_url":"https:\/\/sites.1618.se\/myrangar\/spa-relax\/","og_site_name":"Myr\u00e4ngsg\u00e5rden","article_modified_time":"2024-12-13T08:11:40+00:00","og_image":[{"width":2048,"height":1365,"url":"https:\/\/sites.1618.se\/myrangar\/wp-content\/uploads\/2024\/06\/IMG_0756.jpg","type":"image\/jpeg"}],"twitter_card":"summary_large_image","twitter_misc":{"Ber\u00e4knad l\u00e4stid":"3 minuter"},"schema":{"@context":"https:\/\/schema.org","@graph":[{"@type":"WebPage","@id":"https:\/\/sites.1618.se\/myrangar\/spa-relax\/","url":"https:\/\/sites.1618.se\/myrangar\/spa-relax\/","name":"Spa & relax - Myr\u00e4ngsg\u00e5rden","isPartOf":{"@id":"https:\/\/sites.1618.se\/myrangar\/#website"},"primaryImageOfPage":{"@id":"https:\/\/sites.1618.se\/myrangar\/spa-relax\/#primaryimage"},"image":{"@id":"https:\/\/sites.1618.se\/myrangar\/spa-relax\/#primaryimage"},"thumbnailUrl":"https:\/\/sites.1618.se\/myrangar\/wp-content\/uploads\/2024\/06\/IMG_0756.jpg","datePublished":"2024-08-14T18:38:14+00:00","dateModified":"2024-12-13T08:11:40+00:00","breadcrumb":{"@id":"https:\/\/sites.1618.se\/myrangar\/spa-relax\/#breadcrumb"},"inLanguage":"sv-SE","potentialAction":[{"@type":"ReadAction","target":["https:\/\/sites.1618.se\/myrangar\/spa-relax\/"]}]},{"@type":"ImageObject","inLanguage":"sv-SE","@id":"https:\/\/sites.1618.se\/myrangar\/spa-relax\/#primaryimage","url":"https:\/\/sites.1618.se\/myrangar\/wp-content\/uploads\/2024\/06\/IMG_0756.jpg","contentUrl":"https:\/\/sites.1618.se\/myrangar\/wp-content\/uploads\/2024\/06\/IMG_0756.jpg","width":2048,"height":1365},{"@type":"BreadcrumbList","@id":"https:\/\/sites.1618.se\/myrangar\/spa-relax\/#breadcrumb","itemListElement":[{"@type":"ListItem","position":1,"name":"Hem","item":"https:\/\/sites.1618.se\/myrangar\/"},{"@type":"ListItem","position":2,"name":"Spa &#038; relax"}]},{"@type":"WebSite","@id":"https:\/\/sites.1618.se\/myrangar\/#website","url":"https:\/\/sites.1618.se\/myrangar\/","name":"Myr\u00e4ngsg\u00e5rden","description":"Hela Sveriges Sl\u00e4ktg\u00e5rd","potentialAction":[{"@type":"SearchAction","target":{"@type":"EntryPoint","urlTemplate":"https:\/\/sites.1618.se\/myrangar\/?s={search_term_string}"},"query-input":"required name=search_term_string"}],"inLanguage":"sv-SE"}]}},"_links":{"self":[{"href":"https:\/\/sites.1618.se\/myrangar\/wp-json\/wp\/v2\/pages\/3777","targetHints":{"allow":["GET"]}}],"collection":[{"href":"https:\/\/sites.1618.se\/myrangar\/wp-json\/wp\/v2\/pages"}],"about":[{"href":"https:\/\/sites.1618.se\/myrangar\/wp-json\/wp\/v2\/types\/page"}],"author":[{"embeddable":true,"href":"https:\/\/sites.1618.se\/myrangar\/wp-json\/wp\/v2\/users\/1"}],"replies":[{"embeddable":true,"href":"https:\/\/sites.1618.se\/myrangar\/wp-json\/wp\/v2\/comments?post=3777"}],"version-history":[{"count":12,"href":"https:\/\/sites.1618.se\/myrangar\/wp-json\/wp\/v2\/pages\/3777\/revisions"}],"predecessor-version":[{"id":4480,"href":"https:\/\/sites.1618.se\/myrangar\/wp-json\/wp\/v2\/pages\/3777\/revisions\/4480"}],"wp:featuredmedia":[{"embeddable":true,"href":"https:\/\/sites.1618.se\/myrangar\/wp-json\/wp\/v2\/media\/3231"}],"wp:attachment":[{"href":"https:\/\/sites.1618.se\/myrangar\/wp-json\/wp\/v2\/media?parent=3777"}],"curies":[{"name":"wp","href":"https:\/\/api.w.org\/{rel}","templated":true}]}}