{"id":4744,"date":"2025-09-10T16:48:51","date_gmt":"2025-09-10T16:48:51","guid":{"rendered":"https:\/\/sites.1618.se\/myrangar\/?page_id=4744"},"modified":"2025-09-11T16:21:48","modified_gmt":"2025-09-11T16:21:48","slug":"holistisk-halsa","status":"publish","type":"page","link":"https:\/\/sites.1618.se\/myrangar\/holistisk-halsa\/","title":{"rendered":"Holistisk h\u00e4lsa"},"content":{"rendered":"\t\t<div data-elementor-type=\"wp-page\" data-elementor-id=\"4744\" class=\"elementor elementor-4744\" data-elementor-post-type=\"page\">\n\t\t\t\t<div class=\"elementor-element elementor-element-47c0145 e-flex e-con-boxed parallax_section_no qode_elementor_container_no e-con e-parent\" data-id=\"47c0145\" data-element_type=\"container\">\n\t\t\t\t\t<div class=\"e-con-inner\">\n\t\t<div class=\"elementor-element elementor-element-c1e5d42 e-con-full e-flex parallax_section_no qode_elementor_container_no e-con e-child\" data-id=\"c1e5d42\" data-element_type=\"container\">\n\t\t\t\t<div class=\"elementor-element elementor-element-74673feb elementor-widget elementor-widget-text-editor\" data-id=\"74673feb\" data-element_type=\"widget\" data-widget_type=\"text-editor.default\">\n\t\t\t\t<div class=\"elementor-widget-container\">\n\t\t\t\t\t\t\t<h6>Holistisk h\u00e4lsa<\/h6>\t\t\t\t\t\t<\/div>\n\t\t\t\t<\/div>\n\t\t\t\t<div class=\"elementor-element elementor-element-cbd7372 elementor-widget__width-initial elementor-widget elementor-widget-text-editor\" data-id=\"cbd7372\" data-element_type=\"widget\" data-widget_type=\"text-editor.default\">\n\t\t\t\t<div class=\"elementor-widget-container\">\n\t\t\t\t\t\t\t<h2>Med Oskar Alyhr<\/h2>\t\t\t\t\t\t<\/div>\n\t\t\t\t<\/div>\n\t\t\t\t<div class=\"elementor-element elementor-element-76ebdf78 elementor-widget elementor-widget-text-editor\" data-id=\"76ebdf78\" data-element_type=\"widget\" data-widget_type=\"text-editor.default\">\n\t\t\t\t<div class=\"elementor-widget-container\">\n\t\t\t\t\t\t\t<p><strong>Jag heter Oskar Alyhr och erbjuder guidade upplevelser f\u00f6r kropp och <\/strong><strong>sj\u00e4l \u2013 med fokus p\u00e5 andning, n\u00e4rvaro och naturlig \u00e5terh\u00e4mtning.<\/strong><\/p>\t\t\t\t\t\t<\/div>\n\t\t\t\t<\/div>\n\t\t\t\t<div class=\"elementor-element elementor-element-3f1542b elementor-widget elementor-widget-text-editor\" data-id=\"3f1542b\" data-element_type=\"widget\" data-widget_type=\"text-editor.default\">\n\t\t\t\t<div class=\"elementor-widget-container\">\n\t\t\t\t\t\t\t<p>Med r\u00f6tterna i Gotland och en djup f\u00f6rankring i naturens rytm brinner jag f\u00f6r att skapa upplevelser som hj\u00e4lper m\u00e4nniskor att landa, sl\u00e4ppa taget och \u00e5terknyta till sin inre kraft. Jag \u00e4r utbildad inom andningstekniker som Oxygen Advantage och har tidigare<br \/>varit certifierad Wim Hof-instrukt\u00f6r. Genom mina sessioner f\u00e5r du m\u00f6ta b\u00e5de intensitet och stillhet, alltid med nervsystemets visdom som kompass.<\/p><p>P\u00e5 Myr\u00e4ngsg\u00e5rden erbjuder jag bland annat:<br \/>\u2013 Basturitualer och eldceremonier<br \/>\u2013 K\u00f6ldexponering och isbad<br \/>\u2013 Breathwork-sessioner<br \/>\u2013 Guidade meditationer<br \/>\u2013 Sound journeys och djupavslappning<\/p><p>Min filosofi bygger p\u00e5 holistisk h\u00e4lsa, d\u00e4r kropp, sinne och andning h\u00e4nger ihop \u2013 och d\u00e4r naturen \u00e4r en sj\u00e4lvklar del av l\u00e4kningen. Oavsett om du deltar i en kort session eller ett l\u00e4ngre retreat \u00e4r m\u00e5let detsamma: att du ska f\u00e5 k\u00e4nna dig mer levande, grundad och fri i dig sj\u00e4lv.<\/p>\t\t\t\t\t\t<\/div>\n\t\t\t\t<\/div>\n\t\t\t\t<\/div>\n\t\t<div class=\"elementor-element elementor-element-93fb372 e-con-full e-flex parallax_section_no qode_elementor_container_no e-con e-child\" data-id=\"93fb372\" data-element_type=\"container\">\n\t\t\t\t<div class=\"elementor-element elementor-element-bb6dee2 elementor--h-position-center elementor--v-position-middle elementor-arrows-position-inside elementor-pagination-position-inside elementor-widget elementor-widget-slides\" data-id=\"bb6dee2\" data-element_type=\"widget\" data-settings=\"{&quot;navigation&quot;:&quot;both&quot;,&quot;autoplay&quot;:&quot;yes&quot;,&quot;pause_on_hover&quot;:&quot;yes&quot;,&quot;pause_on_interaction&quot;:&quot;yes&quot;,&quot;autoplay_speed&quot;:5000,&quot;infinite&quot;:&quot;yes&quot;,&quot;transition&quot;:&quot;slide&quot;,&quot;transition_speed&quot;:500}\" data-widget_type=\"slides.default\">\n\t\t\t\t<div class=\"elementor-widget-container\">\n\t\t\t\t\t<div class=\"elementor-swiper\">\n\t\t\t<div class=\"elementor-slides-wrapper elementor-main-swiper swiper\" dir=\"ltr\" data-animation=\"fadeInUp\">\n\t\t\t\t<div class=\"swiper-wrapper elementor-slides\">\n\t\t\t\t\t\t\t\t\t\t<div class=\"elementor-repeater-item-3029630 swiper-slide\"><div class=\"swiper-slide-bg\" role=\"img\"><\/div><div class=\"swiper-slide-inner\" ><div class=\"swiper-slide-contents\"><\/div><\/div><\/div><div class=\"elementor-repeater-item-b6c6ae7 swiper-slide\"><div class=\"swiper-slide-bg\" role=\"img\"><\/div><div class=\"swiper-slide-inner\" ><div class=\"swiper-slide-contents\"><\/div><\/div><\/div><div class=\"elementor-repeater-item-3640736 swiper-slide\"><div class=\"swiper-slide-bg\" role=\"img\"><\/div><div class=\"swiper-slide-inner\" ><div class=\"swiper-slide-contents\"><\/div><\/div><\/div>\t\t\t\t<\/div>\n\t\t\t\t\t\t\t\t\t\t\t\t\t\t\t<div class=\"swiper-pagination\"><\/div>\n\t\t\t\t\t\t\t\t\t\t\t\t\t\t\t\t<div class=\"elementor-swiper-button elementor-swiper-button-prev\" role=\"button\" tabindex=\"0\">\n\t\t\t\t\t\t\t<svg aria-hidden=\"true\" class=\"e-font-icon-svg e-eicon-chevron-left\" viewBox=\"0 0 1000 1000\" xmlns=\"http:\/\/www.w3.org\/2000\/svg\"><path d=\"M646 125C629 125 613 133 604 142L308 442C296 454 292 471 292 487 292 504 296 521 308 533L604 854C617 867 629 875 646 875 663 875 679 871 692 858 704 846 713 829 713 812 713 796 708 779 692 767L438 487 692 225C700 217 708 204 708 187 708 171 704 154 692 142 675 129 663 125 646 125Z\"><\/path><\/svg>\t\t\t\t\t\t\t<span class=\"elementor-screen-only\">F\u00f6reg\u00e5ende bild<\/span>\n\t\t\t\t\t\t<\/div>\n\t\t\t\t\t\t<div class=\"elementor-swiper-button elementor-swiper-button-next\" role=\"button\" tabindex=\"0\">\n\t\t\t\t\t\t\t<svg aria-hidden=\"true\" class=\"e-font-icon-svg e-eicon-chevron-right\" viewBox=\"0 0 1000 1000\" xmlns=\"http:\/\/www.w3.org\/2000\/svg\"><path d=\"M696 533C708 521 713 504 713 487 713 471 708 454 696 446L400 146C388 133 375 125 354 125 338 125 325 129 313 142 300 154 292 171 292 187 292 204 296 221 308 233L563 492 304 771C292 783 288 800 288 817 288 833 296 850 308 863 321 871 338 875 354 875 371 875 388 867 400 854L696 533Z\"><\/path><\/svg>\t\t\t\t\t\t\t<span class=\"elementor-screen-only\">N\u00e4sta bild<\/span>\n\t\t\t\t\t\t<\/div>\n\t\t\t\t\t\t\t\t\t\t\t\t<\/div>\n\t\t<\/div>\n\t\t\t\t<\/div>\n\t\t\t\t<\/div>\n\t\t\t\t<\/div>\n\t\t\t\t\t<\/div>\n\t\t\t\t<\/div>\n\t\t<div class=\"elementor-element elementor-element-9d58960 e-con-full e-flex parallax_section_no qode_elementor_container_no e-con e-parent\" data-id=\"9d58960\" data-element_type=\"container\">\n\t\t<div class=\"elementor-element elementor-element-fa593f6 e-con-full e-flex parallax_section_no qode_elementor_container_no e-con e-child\" data-id=\"fa593f6\" data-element_type=\"container\" data-settings=\"{&quot;background_background&quot;:&quot;classic&quot;}\">\n\t\t\t\t<div class=\"elementor-element elementor-element-d5bdbcd elementor-widget elementor-widget-text-editor\" data-id=\"d5bdbcd\" data-element_type=\"widget\" data-widget_type=\"text-editor.default\">\n\t\t\t\t<div class=\"elementor-widget-container\">\n\t\t\t\t\t\t\t<h2 style=\"text-align: center;\">Upplevelser <br \/>\u2013 f\u00f6r kropp, sinne och nervsystem<\/h2>\t\t\t\t\t\t<\/div>\n\t\t\t\t<\/div>\n\t\t\t\t<\/div>\n\t\t\t\t<\/div>\n\t\t<div class=\"elementor-element elementor-element-67c16ec e-con-full e-flex parallax_section_no qode_elementor_container_no e-con e-parent\" data-id=\"67c16ec\" data-element_type=\"container\">\n\t\t<div class=\"elementor-element elementor-element-cae82b6 e-con-full e-flex parallax_section_no qode_elementor_container_no e-con e-child\" data-id=\"cae82b6\" data-element_type=\"container\" data-settings=\"{&quot;background_background&quot;:&quot;classic&quot;}\">\n\t\t<div class=\"elementor-element elementor-element-51ac32d e-con-full e-flex parallax_section_no qode_elementor_container_no e-con e-child\" data-id=\"51ac32d\" data-element_type=\"container\">\n\t\t<div class=\"elementor-element elementor-element-2397ab7 e-con-full e-flex parallax_section_no qode_elementor_container_no e-con e-child\" data-id=\"2397ab7\" data-element_type=\"container\" data-settings=\"{&quot;background_background&quot;:&quot;classic&quot;}\">\n\t\t\t\t<div class=\"elementor-element elementor-element-056d94e elementor-widget elementor-widget-image\" data-id=\"056d94e\" data-element_type=\"widget\" data-widget_type=\"image.default\">\n\t\t\t\t<div class=\"elementor-widget-container\">\n\t\t\t\t\t\t\t\t\t\t\t\t\t<img decoding=\"async\" src=\"https:\/\/sites.1618.se\/myrangar\/wp-content\/uploads\/elementor\/thumbs\/Spa4-1-qpvp5d188rtam7j3c2mz51vyaq7c21kabp9etpe8ds.jpg\" title=\"Spa4\" alt=\"Spa4\" loading=\"lazy\" \/>\t\t\t\t\t\t\t\t\t\t\t\t\t<\/div>\n\t\t\t\t<\/div>\n\t\t\t\t<div class=\"elementor-element elementor-element-e7d72d8 elementor-widget elementor-widget-text-editor\" data-id=\"e7d72d8\" data-element_type=\"widget\" data-widget_type=\"text-editor.default\">\n\t\t\t\t<div class=\"elementor-widget-container\">\n\t\t\t\t\t\t\t<h5>Basturitual &amp; V\u00e4rmeceremoni<\/h5>\t\t\t\t\t\t<\/div>\n\t\t\t\t<\/div>\n\t\t\t\t<div class=\"elementor-element elementor-element-a958da9 elementor-widget elementor-widget-text-editor\" data-id=\"a958da9\" data-element_type=\"widget\" data-widget_type=\"text-editor.default\">\n\t\t\t\t<div class=\"elementor-widget-container\">\n\t\t\t\t\t\t\t<p>En guidad bastuupplevelse med v\u00e4xling mellan hetta, stillhet och samtal. Basturitualen hj\u00e4lper till att rena kroppen, \u00f6ppna sinnena och skapa f\u00f6rdjupad kontakt \u2013 b\u00e5de med dig sj\u00e4lv och andra. Kan kombineras med <strong>isbad<\/strong> eller<br \/><strong>k\u00f6ldexponering<\/strong> f\u00f6r maximal cirkulationsboost och nervsystemstr\u00e4ning.<\/p>\t\t\t\t\t\t<\/div>\n\t\t\t\t<\/div>\n\t\t\t\t<\/div>\n\t\t<div class=\"elementor-element elementor-element-20b986d e-con-full e-flex parallax_section_no qode_elementor_container_no e-con e-child\" data-id=\"20b986d\" data-element_type=\"container\" data-settings=\"{&quot;background_background&quot;:&quot;classic&quot;}\">\n\t\t\t\t<div class=\"elementor-element elementor-element-c103009 elementor-widget elementor-widget-image\" data-id=\"c103009\" data-element_type=\"widget\" data-widget_type=\"image.default\">\n\t\t\t\t<div class=\"elementor-widget-container\">\n\t\t\t\t\t\t\t\t\t\t\t\t\t<img decoding=\"async\" src=\"https:\/\/sites.1618.se\/myrangar\/wp-content\/uploads\/elementor\/thumbs\/Isbad-rbk48g0szzrk092jwrjypgkqswkdw83dr63o2wb3lc.png\" title=\"Isbad\" alt=\"Isbad\" loading=\"lazy\" \/>\t\t\t\t\t\t\t\t\t\t\t\t\t<\/div>\n\t\t\t\t<\/div>\n\t\t\t\t<div class=\"elementor-element elementor-element-e9cfb01 elementor-widget elementor-widget-text-editor\" data-id=\"e9cfb01\" data-element_type=\"widget\" data-widget_type=\"text-editor.default\">\n\t\t\t\t<div class=\"elementor-widget-container\">\n\t\t\t\t\t\t\t<h5>K\u00f6ldexponering &amp; Isbad med andningsfokus<\/h5>\t\t\t\t\t\t<\/div>\n\t\t\t\t<\/div>\n\t\t\t\t<div class=\"elementor-element elementor-element-aff9fb0 elementor-widget elementor-widget-text-editor\" data-id=\"aff9fb0\" data-element_type=\"widget\" data-widget_type=\"text-editor.default\">\n\t\t\t\t<div class=\"elementor-widget-container\">\n\t\t\t\t\t\t\t<p>L\u00e4r dig bem\u00e4stra kyla med hj\u00e4lp av <strong>medveten andning<\/strong> och trygg guidning. En<br \/>transformerande upplevelse som st\u00e4rker din mentala uth\u00e5llighet, aktiverar kroppens<br \/>l\u00e4kningsprocesser och v\u00e4cker livskraften p\u00e5 djupet.<\/p>\t\t\t\t\t\t<\/div>\n\t\t\t\t<\/div>\n\t\t\t\t<\/div>\n\t\t<div class=\"elementor-element elementor-element-993085b e-con-full e-flex parallax_section_no qode_elementor_container_no e-con e-child\" data-id=\"993085b\" data-element_type=\"container\" data-settings=\"{&quot;background_background&quot;:&quot;classic&quot;}\">\n\t\t\t\t<div class=\"elementor-element elementor-element-e6c3fba elementor-widget elementor-widget-image\" data-id=\"e6c3fba\" data-element_type=\"widget\" data-widget_type=\"image.default\">\n\t\t\t\t<div class=\"elementor-widget-container\">\n\t\t\t\t\t\t\t\t\t\t\t\t\t<img decoding=\"async\" src=\"https:\/\/sites.1618.se\/myrangar\/wp-content\/uploads\/elementor\/thumbs\/Soundbowl-rbk4cvtd9tuatymfzomjhc93seos8rpr1507nxq67k.png\" title=\"Soundbowl\" alt=\"Soundbowl\" loading=\"lazy\" \/>\t\t\t\t\t\t\t\t\t\t\t\t\t<\/div>\n\t\t\t\t<\/div>\n\t\t\t\t<div class=\"elementor-element elementor-element-0a8d3ae elementor-widget elementor-widget-text-editor\" data-id=\"0a8d3ae\" data-element_type=\"widget\" data-widget_type=\"text-editor.default\">\n\t\t\t\t<div class=\"elementor-widget-container\">\n\t\t\t\t\t\t\t<h5>Sound Journey \u2013 Ljudresa f\u00f6r djupavslappning<\/h5>\t\t\t\t\t\t<\/div>\n\t\t\t\t<\/div>\n\t\t\t\t<div class=\"elementor-element elementor-element-a473ee9 elementor-widget elementor-widget-text-editor\" data-id=\"a473ee9\" data-element_type=\"widget\" data-widget_type=\"text-editor.default\">\n\t\t\t\t<div class=\"elementor-widget-container\">\n\t\t\t\t\t\t\t<p class=\"p1\">En liggande resa d\u00e4r du omsluts av <strong>klangsk\u00e5lar, trummor och intuitiva ljud.<\/strong><br \/>Ljudvibrationerna hj\u00e4lper dig att sl\u00e4ppa stress, landa i kroppen och \u00f6ppna f\u00f6r nya<br \/>inre landskap.<\/p>\t\t\t\t\t\t<\/div>\n\t\t\t\t<\/div>\n\t\t\t\t<\/div>\n\t\t\t\t<\/div>\n\t\t<div class=\"elementor-element elementor-element-a5d1144 e-con-full e-flex parallax_section_no qode_elementor_container_no e-con e-child\" data-id=\"a5d1144\" data-element_type=\"container\">\n\t\t<div class=\"elementor-element elementor-element-3d03321 e-con-full e-flex parallax_section_no qode_elementor_container_no e-con e-child\" data-id=\"3d03321\" data-element_type=\"container\" data-settings=\"{&quot;background_background&quot;:&quot;classic&quot;}\">\n\t\t\t\t<div class=\"elementor-element elementor-element-d2ed9e9 elementor-widget elementor-widget-image\" data-id=\"d2ed9e9\" data-element_type=\"widget\" data-widget_type=\"image.default\">\n\t\t\t\t<div class=\"elementor-widget-container\">\n\t\t\t\t\t\t\t\t\t\t\t\t\t<img decoding=\"async\" src=\"https:\/\/sites.1618.se\/myrangar\/wp-content\/uploads\/elementor\/thumbs\/Skarmavbild-2025-09-10-kl.-18.35.09-rbk5j9dfdxuo932hji21e5a7wrti9iy3uvt9k0w7ow.png\" title=\"Ska\u0308rmavbild 2025-09-10 kl. 18.35.09\" alt=\"Ska\u0308rmavbild 2025-09-10 kl. 18.35.09\" loading=\"lazy\" \/>\t\t\t\t\t\t\t\t\t\t\t\t\t<\/div>\n\t\t\t\t<\/div>\n\t\t\t\t<div class=\"elementor-element elementor-element-8d47dec elementor-widget elementor-widget-text-editor\" data-id=\"8d47dec\" data-element_type=\"widget\" data-widget_type=\"text-editor.default\">\n\t\t\t\t<div class=\"elementor-widget-container\">\n\t\t\t\t\t\t\t<h5>Meditation &amp; Stillhet<\/h5>\t\t\t\t\t\t<\/div>\n\t\t\t\t<\/div>\n\t\t\t\t<div class=\"elementor-element elementor-element-1aa78c8 elementor-widget elementor-widget-text-editor\" data-id=\"1aa78c8\" data-element_type=\"widget\" data-widget_type=\"text-editor.default\">\n\t\t\t\t<div class=\"elementor-widget-container\">\n\t\t\t\t\t\t\t<p>Guidade eller tysta meditationer med fokus p\u00e5<strong> n\u00e4rvaro, andning och inre <\/strong><strong>balans<\/strong>. Passar b\u00e5de nyb\u00f6rjare och erfarna. Ett s\u00e4tt att pausa, grunda och \u00e5terknyta<br \/>till dig sj\u00e4lv i en kravl\u00f6s milj\u00f6.<\/p>\t\t\t\t\t\t<\/div>\n\t\t\t\t<\/div>\n\t\t\t\t<\/div>\n\t\t<div class=\"elementor-element elementor-element-e8c5a0f e-con-full e-flex parallax_section_no qode_elementor_container_no e-con e-child\" data-id=\"e8c5a0f\" data-element_type=\"container\" data-settings=\"{&quot;background_background&quot;:&quot;classic&quot;}\">\n\t\t\t\t<div class=\"elementor-element elementor-element-9e34e4d elementor-widget elementor-widget-image\" data-id=\"9e34e4d\" data-element_type=\"widget\" data-widget_type=\"image.default\">\n\t\t\t\t<div class=\"elementor-widget-container\">\n\t\t\t\t\t\t\t\t\t\t\t\t\t<img decoding=\"async\" src=\"https:\/\/sites.1618.se\/myrangar\/wp-content\/uploads\/elementor\/thumbs\/Skarmavbild-2025-09-10-kl.-18.46.48-rbk6182dzyfy4sz4n9ld1m3clva1da9fnsnbqe9cs0.png\" title=\"Ska\u0308rmavbild 2025-09-10 kl. 18.46.48\" alt=\"Ska\u0308rmavbild 2025-09-10 kl. 18.46.48\" loading=\"lazy\" \/>\t\t\t\t\t\t\t\t\t\t\t\t\t<\/div>\n\t\t\t\t<\/div>\n\t\t\t\t<div class=\"elementor-element elementor-element-cd23b57 elementor-widget elementor-widget-text-editor\" data-id=\"cd23b57\" data-element_type=\"widget\" data-widget_type=\"text-editor.default\">\n\t\t\t\t<div class=\"elementor-widget-container\">\n\t\t\t\t\t\t\t<h5>Breathwork \u2013 Andning som verktyg f\u00f6r transformation<\/h5>\t\t\t\t\t\t<\/div>\n\t\t\t\t<\/div>\n\t\t\t\t<div class=\"elementor-element elementor-element-24dab0e elementor-widget elementor-widget-text-editor\" data-id=\"24dab0e\" data-element_type=\"widget\" data-widget_type=\"text-editor.default\">\n\t\t\t\t<div class=\"elementor-widget-container\">\n\t\t\t\t\t\t\t<p>Djupg\u00e5ende <strong>andningssessioner<\/strong> d\u00e4r du f\u00e5r sl\u00e4ppa p\u00e5 sp\u00e4nningar, v\u00e4cka kroppens<br \/>intelligens och komma i kontakt med undertryckta k\u00e4nslor. Sessionerna anpassas<br \/>efter gruppens niv\u00e5 och kan vara b\u00e5de aktiverande och stilla.<\/p>\t\t\t\t\t\t<\/div>\n\t\t\t\t<\/div>\n\t\t\t\t<\/div>\n\t\t<div class=\"elementor-element elementor-element-9cd07ee e-con-full e-flex parallax_section_no qode_elementor_container_no e-con e-child\" data-id=\"9cd07ee\" data-element_type=\"container\" data-settings=\"{&quot;background_background&quot;:&quot;classic&quot;}\">\n\t\t\t\t<\/div>\n\t\t\t\t<\/div>\n\t\t\t\t<\/div>\n\t\t\t\t<\/div>\n\t\t<div class=\"elementor-element elementor-element-8f652bc e-con-full e-flex parallax_section_no qode_elementor_container_no e-con e-parent\" data-id=\"8f652bc\" data-element_type=\"container\">\n\t\t\t\t<\/div>\n\t\t\t\t<\/div>\n\t\t","protected":false},"excerpt":{"rendered":"<p>Holistisk h\u00e4lsa Med Oskar Alyhr Jag heter Oskar Alyhr och erbjuder guidade upplevelser f\u00f6r kropp och sj\u00e4l \u2013 med fokus p\u00e5 andning, n\u00e4rvaro och naturlig \u00e5terh\u00e4mtning. Med r\u00f6tterna i Gotland och en djup f\u00f6rankring i naturens rytm brinner jag f\u00f6r&#8230;<\/p>\n","protected":false},"author":1,"featured_media":4059,"parent":0,"menu_order":0,"comment_status":"closed","ping_status":"closed","template":"elementor_header_footer","meta":{"footnotes":""},"class_list":["post-4744","page","type-page","status-publish","has-post-thumbnail","hentry"],"yoast_head":"<!-- This site is optimized with the Yoast SEO plugin v22.7 - https:\/\/yoast.com\/wordpress\/plugins\/seo\/ -->\n<title>Holistisk h\u00e4lsa - Myr\u00e4ngsg\u00e5rden<\/title>\n<meta name=\"robots\" content=\"noindex, follow, max-snippet:-1, max-image-preview:large, max-video-preview:-1\" \/>\n<meta property=\"og:locale\" content=\"sv_SE\" \/>\n<meta property=\"og:type\" content=\"article\" \/>\n<meta property=\"og:title\" content=\"Holistisk h\u00e4lsa - Myr\u00e4ngsg\u00e5rden\" \/>\n<meta property=\"og:description\" content=\"Holistisk h\u00e4lsa Med Oskar Alyhr Jag heter Oskar Alyhr och erbjuder guidade upplevelser f\u00f6r kropp och sj\u00e4l \u2013 med fokus p\u00e5 andning, n\u00e4rvaro och naturlig \u00e5terh\u00e4mtning. Med r\u00f6tterna i Gotland och en djup f\u00f6rankring i naturens rytm brinner jag f\u00f6r...\" \/>\n<meta property=\"og:url\" content=\"https:\/\/sites.1618.se\/myrangar\/holistisk-halsa\/\" \/>\n<meta property=\"og:site_name\" content=\"Myr\u00e4ngsg\u00e5rden\" \/>\n<meta property=\"article:modified_time\" content=\"2025-09-11T16:21:48+00:00\" \/>\n<meta property=\"og:image\" content=\"https:\/\/sites.1618.se\/myrangar\/wp-content\/uploads\/2024\/12\/New-Project-85-1.jpg\" \/>\n\t<meta property=\"og:image:width\" content=\"303\" \/>\n\t<meta property=\"og:image:height\" content=\"237\" \/>\n\t<meta property=\"og:image:type\" content=\"image\/jpeg\" \/>\n<meta name=\"twitter:card\" content=\"summary_large_image\" \/>\n<meta name=\"twitter:label1\" content=\"Ber\u00e4knad l\u00e4stid\" \/>\n\t<meta name=\"twitter:data1\" content=\"3 minuter\" \/>\n<script type=\"application\/ld+json\" class=\"yoast-schema-graph\">{\"@context\":\"https:\/\/schema.org\",\"@graph\":[{\"@type\":\"WebPage\",\"@id\":\"https:\/\/sites.1618.se\/myrangar\/holistisk-halsa\/\",\"url\":\"https:\/\/sites.1618.se\/myrangar\/holistisk-halsa\/\",\"name\":\"Holistisk h\u00e4lsa - Myr\u00e4ngsg\u00e5rden\",\"isPartOf\":{\"@id\":\"https:\/\/sites.1618.se\/myrangar\/#website\"},\"primaryImageOfPage\":{\"@id\":\"https:\/\/sites.1618.se\/myrangar\/holistisk-halsa\/#primaryimage\"},\"image\":{\"@id\":\"https:\/\/sites.1618.se\/myrangar\/holistisk-halsa\/#primaryimage\"},\"thumbnailUrl\":\"https:\/\/sites.1618.se\/myrangar\/wp-content\/uploads\/2024\/12\/New-Project-85-1.jpg\",\"datePublished\":\"2025-09-10T16:48:51+00:00\",\"dateModified\":\"2025-09-11T16:21:48+00:00\",\"breadcrumb\":{\"@id\":\"https:\/\/sites.1618.se\/myrangar\/holistisk-halsa\/#breadcrumb\"},\"inLanguage\":\"sv-SE\",\"potentialAction\":[{\"@type\":\"ReadAction\",\"target\":[\"https:\/\/sites.1618.se\/myrangar\/holistisk-halsa\/\"]}]},{\"@type\":\"ImageObject\",\"inLanguage\":\"sv-SE\",\"@id\":\"https:\/\/sites.1618.se\/myrangar\/holistisk-halsa\/#primaryimage\",\"url\":\"https:\/\/sites.1618.se\/myrangar\/wp-content\/uploads\/2024\/12\/New-Project-85-1.jpg\",\"contentUrl\":\"https:\/\/sites.1618.se\/myrangar\/wp-content\/uploads\/2024\/12\/New-Project-85-1.jpg\",\"width\":303,\"height\":237},{\"@type\":\"BreadcrumbList\",\"@id\":\"https:\/\/sites.1618.se\/myrangar\/holistisk-halsa\/#breadcrumb\",\"itemListElement\":[{\"@type\":\"ListItem\",\"position\":1,\"name\":\"Hem\",\"item\":\"https:\/\/sites.1618.se\/myrangar\/\"},{\"@type\":\"ListItem\",\"position\":2,\"name\":\"Holistisk h\u00e4lsa\"}]},{\"@type\":\"WebSite\",\"@id\":\"https:\/\/sites.1618.se\/myrangar\/#website\",\"url\":\"https:\/\/sites.1618.se\/myrangar\/\",\"name\":\"Myr\u00e4ngsg\u00e5rden\",\"description\":\"Hela Sveriges Sl\u00e4ktg\u00e5rd\",\"potentialAction\":[{\"@type\":\"SearchAction\",\"target\":{\"@type\":\"EntryPoint\",\"urlTemplate\":\"https:\/\/sites.1618.se\/myrangar\/?s={search_term_string}\"},\"query-input\":\"required name=search_term_string\"}],\"inLanguage\":\"sv-SE\"}]}<\/script>\n<!-- \/ Yoast SEO plugin. -->","yoast_head_json":{"title":"Holistisk h\u00e4lsa - Myr\u00e4ngsg\u00e5rden","robots":{"index":"noindex","follow":"follow","max-snippet":"max-snippet:-1","max-image-preview":"max-image-preview:large","max-video-preview":"max-video-preview:-1"},"og_locale":"sv_SE","og_type":"article","og_title":"Holistisk h\u00e4lsa - Myr\u00e4ngsg\u00e5rden","og_description":"Holistisk h\u00e4lsa Med Oskar Alyhr Jag heter Oskar Alyhr och erbjuder guidade upplevelser f\u00f6r kropp och sj\u00e4l \u2013 med fokus p\u00e5 andning, n\u00e4rvaro och naturlig \u00e5terh\u00e4mtning. Med r\u00f6tterna i Gotland och en djup f\u00f6rankring i naturens rytm brinner jag f\u00f6r...","og_url":"https:\/\/sites.1618.se\/myrangar\/holistisk-halsa\/","og_site_name":"Myr\u00e4ngsg\u00e5rden","article_modified_time":"2025-09-11T16:21:48+00:00","og_image":[{"width":303,"height":237,"url":"https:\/\/sites.1618.se\/myrangar\/wp-content\/uploads\/2024\/12\/New-Project-85-1.jpg","type":"image\/jpeg"}],"twitter_card":"summary_large_image","twitter_misc":{"Ber\u00e4knad l\u00e4stid":"3 minuter"},"schema":{"@context":"https:\/\/schema.org","@graph":[{"@type":"WebPage","@id":"https:\/\/sites.1618.se\/myrangar\/holistisk-halsa\/","url":"https:\/\/sites.1618.se\/myrangar\/holistisk-halsa\/","name":"Holistisk h\u00e4lsa - Myr\u00e4ngsg\u00e5rden","isPartOf":{"@id":"https:\/\/sites.1618.se\/myrangar\/#website"},"primaryImageOfPage":{"@id":"https:\/\/sites.1618.se\/myrangar\/holistisk-halsa\/#primaryimage"},"image":{"@id":"https:\/\/sites.1618.se\/myrangar\/holistisk-halsa\/#primaryimage"},"thumbnailUrl":"https:\/\/sites.1618.se\/myrangar\/wp-content\/uploads\/2024\/12\/New-Project-85-1.jpg","datePublished":"2025-09-10T16:48:51+00:00","dateModified":"2025-09-11T16:21:48+00:00","breadcrumb":{"@id":"https:\/\/sites.1618.se\/myrangar\/holistisk-halsa\/#breadcrumb"},"inLanguage":"sv-SE","potentialAction":[{"@type":"ReadAction","target":["https:\/\/sites.1618.se\/myrangar\/holistisk-halsa\/"]}]},{"@type":"ImageObject","inLanguage":"sv-SE","@id":"https:\/\/sites.1618.se\/myrangar\/holistisk-halsa\/#primaryimage","url":"https:\/\/sites.1618.se\/myrangar\/wp-content\/uploads\/2024\/12\/New-Project-85-1.jpg","contentUrl":"https:\/\/sites.1618.se\/myrangar\/wp-content\/uploads\/2024\/12\/New-Project-85-1.jpg","width":303,"height":237},{"@type":"BreadcrumbList","@id":"https:\/\/sites.1618.se\/myrangar\/holistisk-halsa\/#breadcrumb","itemListElement":[{"@type":"ListItem","position":1,"name":"Hem","item":"https:\/\/sites.1618.se\/myrangar\/"},{"@type":"ListItem","position":2,"name":"Holistisk h\u00e4lsa"}]},{"@type":"WebSite","@id":"https:\/\/sites.1618.se\/myrangar\/#website","url":"https:\/\/sites.1618.se\/myrangar\/","name":"Myr\u00e4ngsg\u00e5rden","description":"Hela Sveriges Sl\u00e4ktg\u00e5rd","potentialAction":[{"@type":"SearchAction","target":{"@type":"EntryPoint","urlTemplate":"https:\/\/sites.1618.se\/myrangar\/?s={search_term_string}"},"query-input":"required name=search_term_string"}],"inLanguage":"sv-SE"}]}},"_links":{"self":[{"href":"https:\/\/sites.1618.se\/myrangar\/wp-json\/wp\/v2\/pages\/4744","targetHints":{"allow":["GET"]}}],"collection":[{"href":"https:\/\/sites.1618.se\/myrangar\/wp-json\/wp\/v2\/pages"}],"about":[{"href":"https:\/\/sites.1618.se\/myrangar\/wp-json\/wp\/v2\/types\/page"}],"author":[{"embeddable":true,"href":"https:\/\/sites.1618.se\/myrangar\/wp-json\/wp\/v2\/users\/1"}],"replies":[{"embeddable":true,"href":"https:\/\/sites.1618.se\/myrangar\/wp-json\/wp\/v2\/comments?post=4744"}],"version-history":[{"count":20,"href":"https:\/\/sites.1618.se\/myrangar\/wp-json\/wp\/v2\/pages\/4744\/revisions"}],"predecessor-version":[{"id":4814,"href":"https:\/\/sites.1618.se\/myrangar\/wp-json\/wp\/v2\/pages\/4744\/revisions\/4814"}],"wp:featuredmedia":[{"embeddable":true,"href":"https:\/\/sites.1618.se\/myrangar\/wp-json\/wp\/v2\/media\/4059"}],"wp:attachment":[{"href":"https:\/\/sites.1618.se\/myrangar\/wp-json\/wp\/v2\/media?parent=4744"}],"curies":[{"name":"wp","href":"https:\/\/api.w.org\/{rel}","templated":true}]}}